{"id":10839,"date":"2025-10-29T10:31:28","date_gmt":"2025-10-29T10:31:28","guid":{"rendered":"https:\/\/www.tblustar.com\/syrio-sales-program\/"},"modified":"2025-11-11T14:43:08","modified_gmt":"2025-11-11T14:43:08","slug":"syrio-sales-program","status":"publish","type":"page","link":"https:\/\/www.tblustar.com\/de\/syrio-sales-program\/","title":{"rendered":"Syrio Sales Program"},"content":{"rendered":"\t\t<div data-elementor-type=\"wp-page\" data-elementor-id=\"10839\" class=\"elementor elementor-10839 elementor-10536\" data-elementor-post-type=\"page\">\n\t\t\t\t<div class=\"elementor-element elementor-element-948ed88 e-flex e-con-boxed e-con e-parent\" data-id=\"948ed88\" data-element_type=\"container\" data-e-type=\"container\" data-settings=\"{&quot;background_background&quot;:&quot;video&quot;,&quot;background_video_link&quot;:&quot;https:\\\/\\\/www.tblustar.com\\\/wp-content\\\/uploads\\\/2025\\\/11\\\/SYRIO-video-promo_5-min.mp4&quot;,&quot;background_play_on_mobile&quot;:&quot;yes&quot;}\">\n\t\t\t\t\t<div class=\"e-con-inner\">\n\t\t<div class=\"elementor-background-video-container\">\n\t\t\t\t\t\t\t<video class=\"elementor-background-video-hosted\" role=\"presentation\" autoplay muted playsinline loop><\/video>\n\t\t\t\t\t<\/div>\t\t<div class=\"elementor-element elementor-element-b17eb59 elementor-view-default elementor-widget elementor-widget-icon\" data-id=\"b17eb59\" data-element_type=\"widget\" data-e-type=\"widget\" data-widget_type=\"icon.default\">\n\t\t\t\t<div class=\"elementor-widget-container\">\n\t\t\t\t\t\t\t<div class=\"elementor-icon-wrapper\">\n\t\t\t<a class=\"elementor-icon\" href=\"#elementor-action%3Aaction%3Dlightbox%26settings%3DeyJ0eXBlIjoidmlkZW8iLCJ2aWRlb1R5cGUiOiJob3N0ZWQiLCJ1cmwiOiJodHRwczpcL1wvd3d3LnRibHVzdGFyLmNvbVwvd3AtY29udGVudFwvdXBsb2Fkc1wvMjAyNVwvMTFcL1NZUklPLXZpZGVvLXByb21vXzUtbWluLm1wNCJ9\">\n\t\t\t<svg aria-hidden=\"true\" class=\"e-font-icon-svg e-fas-play\" viewBox=\"0 0 448 512\" xmlns=\"http:\/\/www.w3.org\/2000\/svg\"><path d=\"M424.4 214.7L72.4 6.6C43.8-10.3 0 6.1 0 47.9V464c0 37.5 40.7 60.1 72.4 41.3l352-208c31.4-18.5 31.5-64.1 0-82.6z\"><\/path><\/svg>\t\t\t<\/a>\n\t\t<\/div>\n\t\t\t\t\t\t<\/div>\n\t\t\t\t<\/div>\n\t\t\t\t\t<\/div>\n\t\t\t\t<\/div>\n\t\t<div class=\"elementor-element elementor-element-03076bb custom-bg e-flex e-con-boxed e-con e-parent\" data-id=\"03076bb\" data-element_type=\"container\" data-e-type=\"container\" data-settings=\"{&quot;background_background&quot;:&quot;classic&quot;}\">\n\t\t\t\t\t<div class=\"e-con-inner\">\n\t\t<div class=\"elementor-element elementor-element-0002357 e-con-full e-flex e-con e-child\" data-id=\"0002357\" data-element_type=\"container\" data-e-type=\"container\">\n\t\t\t\t<div class=\"elementor-element elementor-element-259a7b1 elementor-widget elementor-widget-image\" data-id=\"259a7b1\" data-element_type=\"widget\" data-e-type=\"widget\" data-widget_type=\"image.default\">\n\t\t\t\t<div class=\"elementor-widget-container\">\n\t\t\t\t\t\t\t\t\t\t\t\t\t\t\t<img decoding=\"async\" src=\"https:\/\/www.tblustar.com\/wp-content\/uploads\/2025\/10\/Raggruppa-13.svg\" class=\"attachment-full size-full wp-image-10544\" alt=\"\" \/>\t\t\t\t\t\t\t\t\t\t\t\t\t\t\t<\/div>\n\t\t\t\t<\/div>\n\t\t<div class=\"elementor-element elementor-element-6283057 e-con-full e-flex e-con e-child\" data-id=\"6283057\" data-element_type=\"container\" data-e-type=\"container\">\n\t\t\t\t<div class=\"elementor-element elementor-element-b269ba8 elementor-widget elementor-widget-heading\" data-id=\"b269ba8\" data-element_type=\"widget\" data-e-type=\"widget\" data-widget_type=\"heading.default\">\n\t\t\t\t<div class=\"elementor-widget-container\">\n\t\t\t\t\t<p class=\"elementor-heading-title elementor-size-default\">ist Ihr zuverl\u00e4ssiger Partner, um in jeder Situation den besten Preis zu erzielen.<\/p>\t\t\t\t<\/div>\n\t\t\t\t<\/div>\n\t\t\t\t<div class=\"elementor-element elementor-element-1211cc5 elementor-widget elementor-widget-text-editor\" data-id=\"1211cc5\" data-element_type=\"widget\" data-e-type=\"widget\" data-widget_type=\"text-editor.default\">\n\t\t\t\t<div class=\"elementor-widget-container\">\n\t\t\t\t\t\t\t\t\t<p>Dank eines fortschrittlichen Algorithmus analysiert das Programm verschiedene Indikatoren und berechnet automatisch die vorteilhafteste L\u00f6sung f\u00fcr Ihre Bed\u00fcrfnisse \u2013 und verwandelt jede Bestellung in eine Einsparm\u00f6glichkeit.<\/p>\t\t\t\t\t\t\t\t<\/div>\n\t\t\t\t<\/div>\n\t\t\t\t<\/div>\n\t\t\t\t<div class=\"elementor-element elementor-element-a00fce5 elementor-align-center btn-custom btn-dark-green elementor-widget elementor-widget-button\" data-id=\"a00fce5\" data-element_type=\"widget\" data-e-type=\"widget\" data-widget_type=\"button.default\">\n\t\t\t\t<div class=\"elementor-widget-container\">\n\t\t\t\t\t\t\t\t\t<div class=\"elementor-button-wrapper\">\n\t\t\t\t\t<a class=\"elementor-button elementor-button-link elementor-size-sm\" href=\"https:\/\/www.tblustar.com\/de\/kontakte\/\">\n\t\t\t\t\t\t<span class=\"elementor-button-content-wrapper\">\n\t\t\t\t\t\t\t\t\t<span class=\"elementor-button-text\">INFORMATIONEN ANFORDERN<\/span>\n\t\t\t\t\t<\/span>\n\t\t\t\t\t<\/a>\n\t\t\t\t<\/div>\n\t\t\t\t\t\t\t\t<\/div>\n\t\t\t\t<\/div>\n\t\t\t\t<\/div>\n\t\t<div class=\"elementor-element elementor-element-6e5c014 e-con-full e-flex e-con e-child\" data-id=\"6e5c014\" data-element_type=\"container\" data-e-type=\"container\">\n\t\t<div class=\"elementor-element elementor-element-cdf1540 e-con-full e-flex e-con e-child\" data-id=\"cdf1540\" data-element_type=\"container\" data-e-type=\"container\">\n\t\t\t\t<div class=\"elementor-element elementor-element-5895877 elementor-widget elementor-widget-heading\" data-id=\"5895877\" data-element_type=\"widget\" data-e-type=\"widget\" data-widget_type=\"heading.default\">\n\t\t\t\t<div class=\"elementor-widget-container\">\n\t\t\t\t\t<p class=\"elementor-heading-title elementor-size-default\">So funktioniert SYRIO<\/p>\t\t\t\t<\/div>\n\t\t\t\t<\/div>\n\t\t\t\t<div class=\"elementor-element elementor-element-ed93a1e elementor-widget elementor-widget-heading\" data-id=\"ed93a1e\" data-element_type=\"widget\" data-e-type=\"widget\" data-widget_type=\"heading.default\">\n\t\t\t\t<div class=\"elementor-widget-container\">\n\t\t\t\t\t<p class=\"elementor-heading-title elementor-size-default\">Das innovative System schl\u00e4gt Ihnen automatisch das g\u00fcnstigste Angebot vor, basierend auf der Analyse zentraler Faktoren: <\/p>\t\t\t\t<\/div>\n\t\t\t\t<\/div>\n\t\t<div class=\"elementor-element elementor-element-12e6664 e-con-full e-flex e-con e-child\" data-id=\"12e6664\" data-element_type=\"container\" data-e-type=\"container\">\n\t\t\t\t<div class=\"elementor-element elementor-element-19ac10e elementor-widget elementor-widget-text-editor\" data-id=\"19ac10e\" data-element_type=\"widget\" data-e-type=\"widget\" data-widget_type=\"text-editor.default\">\n\t\t\t\t<div class=\"elementor-widget-container\">\n\t\t\t\t\t\t\t\t\t<p>Bestellmenge<\/p>\t\t\t\t\t\t\t\t<\/div>\n\t\t\t\t<\/div>\n\t\t\t\t<div class=\"elementor-element elementor-element-8a51bf9 elementor-widget elementor-widget-text-editor\" data-id=\"8a51bf9\" data-element_type=\"widget\" data-e-type=\"widget\" data-widget_type=\"text-editor.default\">\n\t\t\t\t<div class=\"elementor-widget-container\">\n\t\t\t\t\t\t\t\t\t<p>Je gr\u00f6\u00dfer das Volumen, desto h\u00f6her der wirtschaftliche Vorteil.<\/p>\t\t\t\t\t\t\t\t<\/div>\n\t\t\t\t<\/div>\n\t\t\t\t<\/div>\n\t\t<div class=\"elementor-element elementor-element-fabc907 e-con-full e-flex e-con e-child\" data-id=\"fabc907\" data-element_type=\"container\" data-e-type=\"container\">\n\t\t\t\t<div class=\"elementor-element elementor-element-6cd018c elementor-widget elementor-widget-text-editor\" data-id=\"6cd018c\" data-element_type=\"widget\" data-e-type=\"widget\" data-widget_type=\"text-editor.default\">\n\t\t\t\t<div class=\"elementor-widget-container\">\n\t\t\t\t\t\t\t\t\t<p>Einkaufsplanung<\/p>\t\t\t\t\t\t\t\t<\/div>\n\t\t\t\t<\/div>\n\t\t\t\t<div class=\"elementor-element elementor-element-ac463d3 elementor-widget elementor-widget-text-editor\" data-id=\"ac463d3\" data-element_type=\"widget\" data-e-type=\"widget\" data-widget_type=\"text-editor.default\">\n\t\t\t\t<div class=\"elementor-widget-container\">\n\t\t\t\t\t\t\t\t\t<p>Fr\u00fchzeitige Planung erm\u00f6glicht bessere Konditionen.<\/p>\t\t\t\t\t\t\t\t<\/div>\n\t\t\t\t<\/div>\n\t\t\t\t<\/div>\n\t\t<div class=\"elementor-element elementor-element-243497d e-con-full e-flex e-con e-child\" data-id=\"243497d\" data-element_type=\"container\" data-e-type=\"container\">\n\t\t\t\t<div class=\"elementor-element elementor-element-451f657 elementor-widget elementor-widget-text-editor\" data-id=\"451f657\" data-element_type=\"widget\" data-e-type=\"widget\" data-widget_type=\"text-editor.default\">\n\t\t\t\t<div class=\"elementor-widget-container\">\n\t\t\t\t\t\t\t\t\t<p>Optimaler Beschaffungszeitpunkt<\/p>\t\t\t\t\t\t\t\t<\/div>\n\t\t\t\t<\/div>\n\t\t\t\t<div class=\"elementor-element elementor-element-39786f5 elementor-widget elementor-widget-text-editor\" data-id=\"39786f5\" data-element_type=\"widget\" data-e-type=\"widget\" data-widget_type=\"text-editor.default\">\n\t\t\t\t<div class=\"elementor-widget-container\">\n\t\t\t\t\t\t\t\t\t<p>Saisonalit\u00e4t, Logistik und die Nutzung von Solarenergie helfen, Produktionskosten zu senken.<\/p>\t\t\t\t\t\t\t\t<\/div>\n\t\t\t\t<\/div>\n\t\t\t\t<\/div>\n\t\t<div class=\"elementor-element elementor-element-2cd26c6 e-con-full e-flex e-con e-child\" data-id=\"2cd26c6\" data-element_type=\"container\" data-e-type=\"container\">\n\t\t\t\t<div class=\"elementor-element elementor-element-58332df elementor-widget elementor-widget-text-editor\" data-id=\"58332df\" data-element_type=\"widget\" data-e-type=\"widget\" data-widget_type=\"text-editor.default\">\n\t\t\t\t<div class=\"elementor-widget-container\">\n\t\t\t\t\t\t\t\t\t<p>Produkteigenschaften<\/p>\t\t\t\t\t\t\t\t<\/div>\n\t\t\t\t<\/div>\n\t\t\t\t<div class=\"elementor-element elementor-element-5881691 elementor-widget elementor-widget-text-editor\" data-id=\"5881691\" data-element_type=\"widget\" data-e-type=\"widget\" data-widget_type=\"text-editor.default\">\n\t\t\t\t<div class=\"elementor-widget-container\">\n\t\t\t\t\t\t\t\t\t<p>Selbst die Farbvariante beeinflusst die endg\u00fcltigen Kosten.<\/p>\t\t\t\t\t\t\t\t<\/div>\n\t\t\t\t<\/div>\n\t\t\t\t<\/div>\n\t\t\t\t<\/div>\n\t\t\t\t<div class=\"elementor-element elementor-element-3da25c5 elementor-widget elementor-widget-button\" data-id=\"3da25c5\" data-element_type=\"widget\" data-e-type=\"widget\" data-widget_type=\"button.default\">\n\t\t\t\t<div class=\"elementor-widget-container\">\n\t\t\t\t\t\t\t\t\t<div class=\"elementor-button-wrapper\">\n\t\t\t\t\t<a class=\"elementor-button elementor-button-link elementor-size-sm\" href=\"#prodotti\">\n\t\t\t\t\t\t<span class=\"elementor-button-content-wrapper\">\n\t\t\t\t\t\t<span class=\"elementor-button-icon\">\n\t\t\t\t<svg aria-hidden=\"true\" class=\"e-font-icon-svg e-fas-chevron-down\" viewBox=\"0 0 448 512\" xmlns=\"http:\/\/www.w3.org\/2000\/svg\"><path d=\"M207.029 381.476L12.686 187.132c-9.373-9.373-9.373-24.569 0-33.941l22.667-22.667c9.357-9.357 24.522-9.375 33.901-.04L224 284.505l154.745-154.021c9.379-9.335 24.544-9.317 33.901.04l22.667 22.667c9.373 9.373 9.373 24.569 0 33.941L240.971 381.476c-9.373 9.372-24.569 9.372-33.942 0z\"><\/path><\/svg>\t\t\t<\/span>\n\t\t\t\t\t\t\t\t\t<span class=\"elementor-button-text\">IM PROGRAMM ENTHALTENE PRODUKTE<\/span>\n\t\t\t\t\t<\/span>\n\t\t\t\t\t<\/a>\n\t\t\t\t<\/div>\n\t\t\t\t\t\t\t\t<\/div>\n\t\t\t\t<\/div>\n\t\t\t\t<\/div>\n\t\t\t\t\t<\/div>\n\t\t\t\t<\/div>\n\t\t<div class=\"elementor-element elementor-element-4d94f70 e-flex e-con-boxed e-con e-parent\" data-id=\"4d94f70\" data-element_type=\"container\" data-e-type=\"container\" data-settings=\"{&quot;background_background&quot;:&quot;classic&quot;}\">\n\t\t\t\t\t<div class=\"e-con-inner\">\n\t\t\t\t<div class=\"elementor-element elementor-element-c43f4b0 elementor-widget elementor-widget-heading\" data-id=\"c43f4b0\" data-element_type=\"widget\" data-e-type=\"widget\" data-widget_type=\"heading.default\">\n\t\t\t\t<div class=\"elementor-widget-container\">\n\t\t\t\t\t<p class=\"elementor-heading-title elementor-size-default\">IM PROGRAMM ENTHALTENE PRODUKTE:<\/p>\t\t\t\t<\/div>\n\t\t\t\t<\/div>\n\t\t\t\t\t<\/div>\n\t\t\t\t<\/div>\n\t\t<div class=\"elementor-element elementor-element-e64af06 e-grid e-con-boxed e-con e-parent\" data-id=\"e64af06\" data-element_type=\"container\" data-e-type=\"container\" id=\"prodotti\" data-settings=\"{&quot;background_background&quot;:&quot;classic&quot;}\">\n\t\t\t\t\t<div class=\"e-con-inner\">\n\t\t<a class=\"elementor-element elementor-element-dd33212 e-con-full e-flex e-con e-child\" data-id=\"dd33212\" data-element_type=\"container\" data-e-type=\"container\" data-settings=\"{&quot;background_background&quot;:&quot;classic&quot;}\" href=\"https:\/\/www.tblustar.com\/de\/t-star\/\">\n\t\t<div class=\"elementor-element elementor-element-ede13e7 e-con-full e-flex e-con e-child\" data-id=\"ede13e7\" data-element_type=\"container\" data-e-type=\"container\">\n\t\t\t\t<div class=\"elementor-element elementor-element-9b83216 elementor-widget elementor-widget-heading\" data-id=\"9b83216\" data-element_type=\"widget\" data-e-type=\"widget\" data-widget_type=\"heading.default\">\n\t\t\t\t<div class=\"elementor-widget-container\">\n\t\t\t\t\t<p class=\"elementor-heading-title elementor-size-default\">T-STAR<\/p>\t\t\t\t<\/div>\n\t\t\t\t<\/div>\n\t\t\t\t<div class=\"elementor-element elementor-element-77e3c40 elementor-widget elementor-widget-heading\" data-id=\"77e3c40\" data-element_type=\"widget\" data-e-type=\"widget\" data-widget_type=\"heading.default\">\n\t\t\t\t<div class=\"elementor-widget-container\">\n\t\t\t\t\t<p class=\"elementor-heading-title elementor-size-default\">Die patentierte Mobiltoilette \u2013 effizient, innovativ und designstark.<\/p>\t\t\t\t<\/div>\n\t\t\t\t<\/div>\n\t\t\t\t<\/div>\n\t\t<div class=\"elementor-element elementor-element-28ca562 e-con-full e-flex e-con e-child\" data-id=\"28ca562\" data-element_type=\"container\" data-e-type=\"container\">\n\t\t\t\t<div class=\"elementor-element elementor-element-b0001d9 elementor-widget elementor-widget-image\" data-id=\"b0001d9\" data-element_type=\"widget\" data-e-type=\"widget\" data-widget_type=\"image.default\">\n\t\t\t\t<div class=\"elementor-widget-container\">\n\t\t\t\t\t\t\t\t\t\t\t\t\t\t\t<img decoding=\"async\" src=\"https:\/\/www.tblustar.com\/wp-content\/uploads\/2025\/10\/tblustar-syrio-t-star.webp\" title=\"tblustar-syrio-t-star\" alt=\"tblustar-syrio-t-star\" loading=\"lazy\" \/>\t\t\t\t\t\t\t\t\t\t\t\t\t\t\t<\/div>\n\t\t\t\t<\/div>\n\t\t\t\t<div class=\"elementor-element elementor-element-979651a elementor-widget elementor-widget-image\" data-id=\"979651a\" data-element_type=\"widget\" data-e-type=\"widget\" data-widget_type=\"image.default\">\n\t\t\t\t<div class=\"elementor-widget-container\">\n\t\t\t\t\t\t\t\t\t\t\t\t\t\t\t<img decoding=\"async\" width=\"84\" height=\"84\" src=\"https:\/\/www.tblustar.com\/wp-content\/uploads\/2025\/10\/icon-arrow.png\" class=\"attachment-large size-large wp-image-10573\" alt=\"\" \/>\t\t\t\t\t\t\t\t\t\t\t\t\t\t\t<\/div>\n\t\t\t\t<\/div>\n\t\t\t\t<\/div>\n\t\t\t\t<\/a>\n\t\t<a class=\"elementor-element elementor-element-464d64a e-con-full e-flex e-con e-child\" data-id=\"464d64a\" data-element_type=\"container\" data-e-type=\"container\" data-settings=\"{&quot;background_background&quot;:&quot;classic&quot;}\" href=\"https:\/\/www.tblustar.com\/de\/t-wow\/\">\n\t\t<div class=\"elementor-element elementor-element-9443eca e-con-full e-flex e-con e-child\" data-id=\"9443eca\" data-element_type=\"container\" data-e-type=\"container\">\n\t\t\t\t<div class=\"elementor-element elementor-element-d80af90 elementor-widget elementor-widget-heading\" data-id=\"d80af90\" data-element_type=\"widget\" data-e-type=\"widget\" data-widget_type=\"heading.default\">\n\t\t\t\t<div class=\"elementor-widget-container\">\n\t\t\t\t\t<p class=\"elementor-heading-title elementor-size-default\">T-WOW<\/p>\t\t\t\t<\/div>\n\t\t\t\t<\/div>\n\t\t\t\t<div class=\"elementor-element elementor-element-c148e65 elementor-widget elementor-widget-heading\" data-id=\"c148e65\" data-element_type=\"widget\" data-e-type=\"widget\" data-widget_type=\"heading.default\">\n\t\t\t\t<div class=\"elementor-widget-container\">\n\t\t\t\t\t<p class=\"elementor-heading-title elementor-size-default\">Die luxuri\u00f6se Mobiltoilette f\u00fcr exklusive Veranstaltungen.<\/p>\t\t\t\t<\/div>\n\t\t\t\t<\/div>\n\t\t\t\t<\/div>\n\t\t<div class=\"elementor-element elementor-element-685843d e-con-full e-flex e-con e-child\" data-id=\"685843d\" data-element_type=\"container\" data-e-type=\"container\">\n\t\t\t\t<div class=\"elementor-element elementor-element-b69d96f elementor-widget elementor-widget-image\" data-id=\"b69d96f\" data-element_type=\"widget\" data-e-type=\"widget\" data-widget_type=\"image.default\">\n\t\t\t\t<div class=\"elementor-widget-container\">\n\t\t\t\t\t\t\t\t\t\t\t\t\t\t\t<img decoding=\"async\" src=\"https:\/\/www.tblustar.com\/wp-content\/uploads\/2025\/11\/tblustar-syrio-t-wow-bis.webp\" title=\"tblustar-syrio-t-wow-bis\" alt=\"tblustar-syrio-t-wow-bis\" loading=\"lazy\" \/>\t\t\t\t\t\t\t\t\t\t\t\t\t\t\t<\/div>\n\t\t\t\t<\/div>\n\t\t\t\t<div class=\"elementor-element elementor-element-0456aab elementor-widget elementor-widget-image\" data-id=\"0456aab\" data-element_type=\"widget\" data-e-type=\"widget\" data-widget_type=\"image.default\">\n\t\t\t\t<div class=\"elementor-widget-container\">\n\t\t\t\t\t\t\t\t\t\t\t\t\t\t\t<img decoding=\"async\" width=\"84\" height=\"84\" src=\"https:\/\/www.tblustar.com\/wp-content\/uploads\/2025\/10\/icon-arrow.png\" class=\"attachment-large size-large wp-image-10573\" alt=\"\" \/>\t\t\t\t\t\t\t\t\t\t\t\t\t\t\t<\/div>\n\t\t\t\t<\/div>\n\t\t\t\t<\/div>\n\t\t\t\t<\/a>\n\t\t<a class=\"elementor-element elementor-element-853fd3c e-con-full e-flex e-con e-child\" data-id=\"853fd3c\" data-element_type=\"container\" data-e-type=\"container\" data-settings=\"{&quot;background_background&quot;:&quot;classic&quot;}\" href=\"https:\/\/www.tblustar.com\/de\/chemisches-produkt-bluwater\/\">\n\t\t<div class=\"elementor-element elementor-element-ca834a4 e-con-full e-flex e-con e-child\" data-id=\"ca834a4\" data-element_type=\"container\" data-e-type=\"container\">\n\t\t\t\t<div class=\"elementor-element elementor-element-69ec26f elementor-widget elementor-widget-heading\" data-id=\"69ec26f\" data-element_type=\"widget\" data-e-type=\"widget\" data-widget_type=\"heading.default\">\n\t\t\t\t<div class=\"elementor-widget-container\">\n\t\t\t\t\t<p class=\"elementor-heading-title elementor-size-default\">HOCHKONZENTRIERTES BLAUMITTEL<\/p>\t\t\t\t<\/div>\n\t\t\t\t<\/div>\n\t\t\t\t<div class=\"elementor-element elementor-element-c4789b1 elementor-widget elementor-widget-heading\" data-id=\"c4789b1\" data-element_type=\"widget\" data-e-type=\"widget\" data-widget_type=\"heading.default\">\n\t\t\t\t<div class=\"elementor-widget-container\">\n\t\t\t\t\t<p class=\"elementor-heading-title elementor-size-default\">Maximale Wirksamkeit und einfache Anwendung.<\/p>\t\t\t\t<\/div>\n\t\t\t\t<\/div>\n\t\t\t\t<\/div>\n\t\t<div class=\"elementor-element elementor-element-e29612d e-con-full e-flex e-con e-child\" data-id=\"e29612d\" data-element_type=\"container\" data-e-type=\"container\">\n\t\t\t\t<div class=\"elementor-element elementor-element-9341edc elementor-widget elementor-widget-image\" data-id=\"9341edc\" data-element_type=\"widget\" data-e-type=\"widget\" data-widget_type=\"image.default\">\n\t\t\t\t<div class=\"elementor-widget-container\">\n\t\t\t\t\t\t\t\t\t\t\t\t\t\t\t<img decoding=\"async\" src=\"https:\/\/www.tblustar.com\/wp-content\/uploads\/2025\/10\/tblustar-syrio-prodotto-chimico-bis.webp\" title=\"tblustar-syrio-prodotto-chimico-bis\" alt=\"tblustar-syrio-prodotto-chimico-bis\" loading=\"lazy\" \/>\t\t\t\t\t\t\t\t\t\t\t\t\t\t\t<\/div>\n\t\t\t\t<\/div>\n\t\t\t\t<div class=\"elementor-element elementor-element-2262bca elementor-widget elementor-widget-image\" data-id=\"2262bca\" data-element_type=\"widget\" data-e-type=\"widget\" data-widget_type=\"image.default\">\n\t\t\t\t<div class=\"elementor-widget-container\">\n\t\t\t\t\t\t\t\t\t\t\t\t\t\t\t<img decoding=\"async\" width=\"84\" height=\"84\" src=\"https:\/\/www.tblustar.com\/wp-content\/uploads\/2025\/10\/icon-arrow.png\" class=\"attachment-large size-large wp-image-10573\" alt=\"\" \/>\t\t\t\t\t\t\t\t\t\t\t\t\t\t\t<\/div>\n\t\t\t\t<\/div>\n\t\t\t\t<\/div>\n\t\t\t\t<\/a>\n\t\t\t\t\t<\/div>\n\t\t\t\t<\/div>\n\t\t<div class=\"elementor-element elementor-element-a987a01 e-flex e-con-boxed e-con e-parent\" data-id=\"a987a01\" data-element_type=\"container\" data-e-type=\"container\" data-settings=\"{&quot;background_background&quot;:&quot;classic&quot;}\">\n\t\t\t\t\t<div class=\"e-con-inner\">\n\t\t<div class=\"elementor-element elementor-element-dbf480e e-con-full e-flex e-con e-child\" data-id=\"dbf480e\" data-element_type=\"container\" data-e-type=\"container\">\n\t\t\t\t<div class=\"elementor-element elementor-element-4c99825 elementor-widget elementor-widget-heading\" data-id=\"4c99825\" data-element_type=\"widget\" data-e-type=\"widget\" data-widget_type=\"heading.default\">\n\t\t\t\t<div class=\"elementor-widget-container\">\n\t\t\t\t\t<p class=\"elementor-heading-title elementor-size-default\">Maximieren Sie Ihren Wettbewerbsvorteil<\/p>\t\t\t\t<\/div>\n\t\t\t\t<\/div>\n\t\t\t\t<div class=\"elementor-element elementor-element-529a0f9 elementor-widget elementor-widget-heading\" data-id=\"529a0f9\" data-element_type=\"widget\" data-e-type=\"widget\" data-widget_type=\"heading.default\">\n\t\t\t\t<div class=\"elementor-widget-container\">\n\t\t\t\t\t<p class=\"elementor-heading-title elementor-size-default\">SYRIO macht aus komplexen Einkaufsprozessen eine einfache, strategische und nachhaltige L\u00f6sung.<\/p>\t\t\t\t<\/div>\n\t\t\t\t<\/div>\n\t\t\t\t<div class=\"elementor-element elementor-element-6a780a7 elementor-align-center btn-custom2 elementor-widget elementor-widget-button\" data-id=\"6a780a7\" data-element_type=\"widget\" data-e-type=\"widget\" data-widget_type=\"button.default\">\n\t\t\t\t<div class=\"elementor-widget-container\">\n\t\t\t\t\t\t\t\t\t<div class=\"elementor-button-wrapper\">\n\t\t\t\t\t<a class=\"elementor-button elementor-button-link elementor-size-sm\" href=\"https:\/\/www.tblustar.com\/de\/kontakte\/\">\n\t\t\t\t\t\t<span class=\"elementor-button-content-wrapper\">\n\t\t\t\t\t\t\t\t\t<span class=\"elementor-button-text\">KONTAKTIEREN SIE UNS F\u00dcR WEITERE INFORMATIONEN<\/span>\n\t\t\t\t\t<\/span>\n\t\t\t\t\t<\/a>\n\t\t\t\t<\/div>\n\t\t\t\t\t\t\t\t<\/div>\n\t\t\t\t<\/div>\n\t\t\t\t<\/div>\n\t\t\t\t<div class=\"elementor-element elementor-element-3f74e32 elementor-absolute elementor-widget elementor-widget-image\" data-id=\"3f74e32\" data-element_type=\"widget\" data-e-type=\"widget\" data-settings=\"{&quot;_position&quot;:&quot;absolute&quot;}\" data-widget_type=\"image.default\">\n\t\t\t\t<div class=\"elementor-widget-container\">\n\t\t\t\t\t\t\t\t\t\t\t\t\t\t\t<img fetchpriority=\"high\" decoding=\"async\" width=\"2000\" height=\"659\" src=\"https:\/\/www.tblustar.com\/wp-content\/uploads\/2025\/10\/SYRIO-logo-space@2000x-min.png\" class=\"attachment-full size-full wp-image-10655\" alt=\"\" srcset=\"https:\/\/www.tblustar.com\/wp-content\/uploads\/2025\/10\/SYRIO-logo-space@2000x-min.png 2000w, https:\/\/www.tblustar.com\/wp-content\/uploads\/2025\/10\/SYRIO-logo-space@2000x-min-300x99.png 300w, https:\/\/www.tblustar.com\/wp-content\/uploads\/2025\/10\/SYRIO-logo-space@2000x-min-1024x337.png 1024w, https:\/\/www.tblustar.com\/wp-content\/uploads\/2025\/10\/SYRIO-logo-space@2000x-min-768x253.png 768w, https:\/\/www.tblustar.com\/wp-content\/uploads\/2025\/10\/SYRIO-logo-space@2000x-min-1536x506.png 1536w\" sizes=\"(max-width: 2000px) 100vw, 2000px\" \/>\t\t\t\t\t\t\t\t\t\t\t\t\t\t\t<\/div>\n\t\t\t\t<\/div>\n\t\t\t\t\t<\/div>\n\t\t\t\t<\/div>\n\t\t\t\t<\/div>\n\t\t","protected":false},"excerpt":{"rendered":"<p>ist Ihr zuverl\u00e4ssiger Partner, um in jeder Situation den besten Preis zu erzielen. Dank eines fortschrittlichen Algorithmus analysiert das Programm verschiedene Indikatoren und berechnet automatisch die vorteilhafteste L\u00f6sung f\u00fcr Ihre Bed\u00fcrfnisse \u2013 und verwandelt jede Bestellung in eine Einsparm\u00f6glichkeit. INFORMATIONEN ANFORDERN So funktioniert SYRIO Das innovative System schl\u00e4gt Ihnen automatisch das g\u00fcnstigste Angebot vor, basierend [&hellip;]<\/p>\n","protected":false},"author":1,"featured_media":0,"parent":0,"menu_order":0,"comment_status":"closed","ping_status":"closed","template":"","meta":{"footnotes":""},"class_list":["post-10839","page","type-page","status-publish","hentry"],"_links":{"self":[{"href":"https:\/\/www.tblustar.com\/de\/wp-json\/wp\/v2\/pages\/10839","targetHints":{"allow":["GET"]}}],"collection":[{"href":"https:\/\/www.tblustar.com\/de\/wp-json\/wp\/v2\/pages"}],"about":[{"href":"https:\/\/www.tblustar.com\/de\/wp-json\/wp\/v2\/types\/page"}],"author":[{"embeddable":true,"href":"https:\/\/www.tblustar.com\/de\/wp-json\/wp\/v2\/users\/1"}],"replies":[{"embeddable":true,"href":"https:\/\/www.tblustar.com\/de\/wp-json\/wp\/v2\/comments?post=10839"}],"version-history":[{"count":0,"href":"https:\/\/www.tblustar.com\/de\/wp-json\/wp\/v2\/pages\/10839\/revisions"}],"wp:attachment":[{"href":"https:\/\/www.tblustar.com\/de\/wp-json\/wp\/v2\/media?parent=10839"}],"curies":[{"name":"wp","href":"https:\/\/api.w.org\/{rel}","templated":true}]}}