{"id":4920,"date":"2025-01-15T13:29:09","date_gmt":"2025-01-15T13:29:09","guid":{"rendered":"https:\/\/www.tblustar.com\/acerca-de\/"},"modified":"2025-02-10T12:24:59","modified_gmt":"2025-02-10T12:24:59","slug":"acerca-de","status":"publish","type":"page","link":"https:\/\/www.tblustar.com\/es\/acerca-de\/","title":{"rendered":"Acerca de"},"content":{"rendered":"\t\t<div data-elementor-type=\"wp-page\" data-elementor-id=\"4920\" class=\"elementor elementor-4920 elementor-816\" data-elementor-post-type=\"page\">\n\t\t\t\t<div class=\"elementor-element elementor-element-22573a8 e-con-full elementor-hidden-mobile e-flex e-con e-parent\" data-id=\"22573a8\" data-element_type=\"container\" data-e-type=\"container\" data-settings=\"{&quot;background_background&quot;:&quot;gradient&quot;}\">\n\t\t<div class=\"elementor-element elementor-element-fef3c78 e-con-full e-flex e-con e-child\" data-id=\"fef3c78\" data-element_type=\"container\" data-e-type=\"container\">\n\t\t\t\t<div class=\"elementor-element elementor-element-9783ee5 elementor-invisible elementor-widget elementor-widget-heading\" data-id=\"9783ee5\" data-element_type=\"widget\" data-e-type=\"widget\" data-settings=\"{&quot;_animation&quot;:&quot;fadeInLeft&quot;}\" data-widget_type=\"heading.default\">\n\t\t\t\t<div class=\"elementor-widget-container\">\n\t\t\t\t\t<h1 class=\"elementor-heading-title elementor-size-default\">Bienvenido a Tblustar\u00ae<\/h1>\t\t\t\t<\/div>\n\t\t\t\t<\/div>\n\t\t\t\t<div class=\"elementor-element elementor-element-6457e01 elementor-widget-divider--view-line elementor-widget elementor-widget-divider\" data-id=\"6457e01\" data-element_type=\"widget\" data-e-type=\"widget\" data-widget_type=\"divider.default\">\n\t\t\t\t<div class=\"elementor-widget-container\">\n\t\t\t\t\t\t\t<div class=\"elementor-divider\">\n\t\t\t<span class=\"elementor-divider-separator\">\n\t\t\t\t\t\t<\/span>\n\t\t<\/div>\n\t\t\t\t\t\t<\/div>\n\t\t\t\t<\/div>\n\t\t\t\t<div class=\"elementor-element elementor-element-a64b77d elementor-widget elementor-widget-text-editor\" data-id=\"a64b77d\" data-element_type=\"widget\" data-e-type=\"widget\" data-widget_type=\"text-editor.default\">\n\t\t\t\t<div class=\"elementor-widget-container\">\n\t\t\t\t\t\t\t\t\t<p><span style=\"font-weight: 500;\">un referente de innovaci\u00f3n y calidad en el<\/span> <b>campo de los ba\u00f1os qu\u00edmicos<\/b> <span style=\"font-weight: 500;\">y las cisternas de descarga.<\/span><\/p>\n<p><span style=\"font-weight: 500;\">Desde hace m\u00e1s de ocho a\u00f1os, nuestro grupo se dedica al dise\u00f1o y producci\u00f3n de soluciones de higiene port\u00e1tiles concebidas para satisfacer las necesidades de los operadores de alquiler de aseos qu\u00edmicos en todo el mundo. Gracias a la s\u00f3lida experiencia de nuestro <\/span> <b>director general, Alessio Dainelli<\/b><span style=\"font-weight: 500;\">, adquirida entre Italia y Estados Unidos, y a la colaboraci\u00f3n con el arquitecto y dise\u00f1ador Alessio Ravaioli, hemos desarrollado productos \u00fanicos, elegantes y duraderos que combinan dise\u00f1o y funcionalidad.<\/span><\/p>\n\t\t\t\t\t\t\t\t<\/div>\n\t\t\t\t<\/div>\n\t\t\t\t<\/div>\n\t\t<div class=\"elementor-element elementor-element-29ad3ec e-con-full e-flex e-con e-child\" data-id=\"29ad3ec\" data-element_type=\"container\" data-e-type=\"container\" data-settings=\"{&quot;background_background&quot;:&quot;video&quot;}\">\n\t\t\t\t<div class=\"elementor-element elementor-element-737b953 elementor-widget elementor-widget-image\" data-id=\"737b953\" data-element_type=\"widget\" data-e-type=\"widget\" data-widget_type=\"image.default\">\n\t\t\t\t<div class=\"elementor-widget-container\">\n\t\t\t\t\t\t\t\t\t\t\t\t\t\t\t<img fetchpriority=\"high\" decoding=\"async\" width=\"1920\" height=\"1281\" src=\"https:\/\/www.tblustar.com\/wp-content\/uploads\/2025\/01\/TBLUSTAR103698.webp\" class=\"attachment-full size-full wp-image-4180\" alt=\"\" srcset=\"https:\/\/www.tblustar.com\/wp-content\/uploads\/2025\/01\/TBLUSTAR103698.webp 1920w, https:\/\/www.tblustar.com\/wp-content\/uploads\/2025\/01\/TBLUSTAR103698-300x200.webp 300w, https:\/\/www.tblustar.com\/wp-content\/uploads\/2025\/01\/TBLUSTAR103698-1024x683.webp 1024w, https:\/\/www.tblustar.com\/wp-content\/uploads\/2025\/01\/TBLUSTAR103698-768x512.webp 768w, https:\/\/www.tblustar.com\/wp-content\/uploads\/2025\/01\/TBLUSTAR103698-1536x1025.webp 1536w\" sizes=\"(max-width: 1920px) 100vw, 1920px\" \/>\t\t\t\t\t\t\t\t\t\t\t\t\t\t\t<\/div>\n\t\t\t\t<\/div>\n\t\t\t\t<\/div>\n\t\t\t\t<\/div>\n\t\t<div class=\"elementor-element elementor-element-8d2e6a1 e-con-full elementor-hidden-desktop elementor-hidden-tablet e-flex e-con e-parent\" data-id=\"8d2e6a1\" data-element_type=\"container\" data-e-type=\"container\" data-settings=\"{&quot;background_background&quot;:&quot;classic&quot;}\">\n\t\t<div class=\"elementor-element elementor-element-8cdcc2b e-con-full e-flex e-con e-child\" data-id=\"8cdcc2b\" data-element_type=\"container\" data-e-type=\"container\">\n\t\t\t\t<div class=\"elementor-element elementor-element-4f8b8cd elementor-invisible elementor-widget elementor-widget-heading\" data-id=\"4f8b8cd\" data-element_type=\"widget\" data-e-type=\"widget\" data-settings=\"{&quot;_animation&quot;:&quot;fadeInLeft&quot;}\" data-widget_type=\"heading.default\">\n\t\t\t\t<div class=\"elementor-widget-container\">\n\t\t\t\t\t<h1 class=\"elementor-heading-title elementor-size-default\">Bienvenido a Tblustar\u00ae<\/h1>\t\t\t\t<\/div>\n\t\t\t\t<\/div>\n\t\t\t\t<div class=\"elementor-element elementor-element-e1a45af elementor-widget-divider--view-line elementor-widget elementor-widget-divider\" data-id=\"e1a45af\" data-element_type=\"widget\" data-e-type=\"widget\" data-widget_type=\"divider.default\">\n\t\t\t\t<div class=\"elementor-widget-container\">\n\t\t\t\t\t\t\t<div class=\"elementor-divider\">\n\t\t\t<span class=\"elementor-divider-separator\">\n\t\t\t\t\t\t<\/span>\n\t\t<\/div>\n\t\t\t\t\t\t<\/div>\n\t\t\t\t<\/div>\n\t\t\t\t<div class=\"elementor-element elementor-element-972d789 elementor-widget elementor-widget-text-editor\" data-id=\"972d789\" data-element_type=\"widget\" data-e-type=\"widget\" data-widget_type=\"text-editor.default\">\n\t\t\t\t<div class=\"elementor-widget-container\">\n\t\t\t\t\t\t\t\t\t<p><span style=\"font-weight: 500;\">un referente de innovaci\u00f3n y calidad en el<\/span> <b>campo de los ba\u00f1os qu\u00edmicos<\/b> <span style=\"font-weight: 500;\">y las cisternas de descarga.<\/span><\/p>\n<p><span style=\"font-weight: 500;\">Desde hace m\u00e1s de ocho a\u00f1os, nuestro grupo se dedica al dise\u00f1o y producci\u00f3n de soluciones de higiene port\u00e1tiles concebidas para satisfacer las necesidades de los operadores de alquiler de aseos qu\u00edmicos en todo el mundo. Gracias a la s\u00f3lida experiencia de nuestro <\/span> <b>director general, Alessio Dainelli<\/b><span style=\"font-weight: 500;\">, adquirida entre Italia y Estados Unidos, y a la colaboraci\u00f3n con el arquitecto y dise\u00f1ador Alessio Ravaioli, hemos desarrollado productos \u00fanicos, elegantes y duraderos que combinan dise\u00f1o y funcionalidad.<\/span><\/p>\n\t\t\t\t\t\t\t\t<\/div>\n\t\t\t\t<\/div>\n\t\t\t\t<\/div>\n\t\t<div class=\"elementor-element elementor-element-2c960dd e-con-full e-flex e-con e-child\" data-id=\"2c960dd\" data-element_type=\"container\" data-e-type=\"container\" data-settings=\"{&quot;background_background&quot;:&quot;classic&quot;}\">\n\t\t\t\t<div class=\"elementor-element elementor-element-5a886a0 elementor-widget elementor-widget-image\" data-id=\"5a886a0\" data-element_type=\"widget\" data-e-type=\"widget\" data-widget_type=\"image.default\">\n\t\t\t\t<div class=\"elementor-widget-container\">\n\t\t\t\t\t\t\t\t\t\t\t\t\t\t\t<img fetchpriority=\"high\" decoding=\"async\" width=\"1920\" height=\"1281\" src=\"https:\/\/www.tblustar.com\/wp-content\/uploads\/2025\/01\/TBLUSTAR103698.webp\" class=\"attachment-full size-full wp-image-4180\" alt=\"\" srcset=\"https:\/\/www.tblustar.com\/wp-content\/uploads\/2025\/01\/TBLUSTAR103698.webp 1920w, https:\/\/www.tblustar.com\/wp-content\/uploads\/2025\/01\/TBLUSTAR103698-300x200.webp 300w, https:\/\/www.tblustar.com\/wp-content\/uploads\/2025\/01\/TBLUSTAR103698-1024x683.webp 1024w, https:\/\/www.tblustar.com\/wp-content\/uploads\/2025\/01\/TBLUSTAR103698-768x512.webp 768w, https:\/\/www.tblustar.com\/wp-content\/uploads\/2025\/01\/TBLUSTAR103698-1536x1025.webp 1536w\" sizes=\"(max-width: 1920px) 100vw, 1920px\" \/>\t\t\t\t\t\t\t\t\t\t\t\t\t\t\t<\/div>\n\t\t\t\t<\/div>\n\t\t\t\t<\/div>\n\t\t\t\t<\/div>\n\t\t<div class=\"elementor-element elementor-element-82a7987 e-con-full e-flex e-con e-parent\" data-id=\"82a7987\" data-element_type=\"container\" data-e-type=\"container\">\n\t\t<div class=\"elementor-element elementor-element-21ae9e2 e-con-full e-flex e-con e-child\" data-id=\"21ae9e2\" data-element_type=\"container\" data-e-type=\"container\">\n\t\t\t\t<div class=\"elementor-element elementor-element-e3971cd elementor-invisible elementor-widget elementor-widget-heading\" data-id=\"e3971cd\" data-element_type=\"widget\" data-e-type=\"widget\" data-settings=\"{&quot;_animation&quot;:&quot;fadeInUp&quot;}\" data-widget_type=\"heading.default\">\n\t\t\t\t<div class=\"elementor-widget-container\">\n\t\t\t\t\t<h1 class=\"elementor-heading-title elementor-size-default\">\u00bfQu\u00e9 hacemos?<\/h1>\t\t\t\t<\/div>\n\t\t\t\t<\/div>\n\t\t\t\t<\/div>\n\t\t<div class=\"elementor-element elementor-element-f889979 e-con-full e-flex e-con e-child\" data-id=\"f889979\" data-element_type=\"container\" data-e-type=\"container\" data-settings=\"{&quot;background_background&quot;:&quot;classic&quot;}\">\n\t\t\t\t<div class=\"elementor-element elementor-element-49b65ce elementor-widget elementor-widget-text-editor\" data-id=\"49b65ce\" data-element_type=\"widget\" data-e-type=\"widget\" data-widget_type=\"text-editor.default\">\n\t\t\t\t<div class=\"elementor-widget-container\">\n\t\t\t\t\t\t\t\t\t<p><span style=\"font-weight: 500;\">Tblustar\u00ae ofrece una gama completa de soluciones, entre las que se incluyen:<\/span><\/p>\n<ul>\n<li style=\"font-weight: 500;\" aria-level=\"1\"><b>Sanitarios qu\u00edmicos<\/b><span style=\"font-weight: 500;\">: robustos, modernos y personalizables, ideales para obras, eventos al aire libre, festivales, operaciones de emergencia y asistencia militar.<\/span><\/li>\n<li style=\"font-weight: 500;\" aria-level=\"1\"><b>Accesorios y productos qu\u00edmicos<\/b><span style=\"font-weight: 500;\">: dise\u00f1ados para garantizar eficiencia e higiene.<\/span><\/li>\n<li style=\"font-weight: 500;\" aria-level=\"1\"><b>Tanques de vac\u00edo<\/b><span style=\"font-weight: 500;\">: f\u00e1ciles de mantener y dise\u00f1ados para simplificar las operaciones de mantenimiento.<\/span><\/li>\n<li style=\"font-weight: 500;\" aria-level=\"1\"><b>Veh\u00edculos<\/b> <span style=\"font-weight: 500;\">de transporte especializados<\/span><\/li>\n<\/ul>\n\t\t\t\t\t\t\t\t<\/div>\n\t\t\t\t<\/div>\n\t\t\t\t<\/div>\n\t\t\t\t<\/div>\n\t\t<div class=\"elementor-element elementor-element-fdd53c9 e-con-full e-flex e-con e-parent\" data-id=\"fdd53c9\" data-element_type=\"container\" data-e-type=\"container\">\n\t\t<div class=\"elementor-element elementor-element-34e59d0 e-con-full e-flex e-con e-child\" data-id=\"34e59d0\" data-element_type=\"container\" data-e-type=\"container\" data-settings=\"{&quot;background_background&quot;:&quot;classic&quot;}\">\n\t\t\t\t<div class=\"elementor-element elementor-element-d0c6cfd elementor-hidden-desktop elementor-hidden-tablet elementor-widget elementor-widget-spacer\" data-id=\"d0c6cfd\" data-element_type=\"widget\" data-e-type=\"widget\" data-widget_type=\"spacer.default\">\n\t\t\t\t<div class=\"elementor-widget-container\">\n\t\t\t\t\t\t\t<div class=\"elementor-spacer\">\n\t\t\t<div class=\"elementor-spacer-inner\"><\/div>\n\t\t<\/div>\n\t\t\t\t\t\t<\/div>\n\t\t\t\t<\/div>\n\t\t\t\t<\/div>\n\t\t<div class=\"elementor-element elementor-element-2c73c83 e-con-full e-flex e-con e-child\" data-id=\"2c73c83\" data-element_type=\"container\" data-e-type=\"container\">\n\t\t\t\t<div class=\"elementor-element elementor-element-652d645 elementor-invisible elementor-widget elementor-widget-heading\" data-id=\"652d645\" data-element_type=\"widget\" data-e-type=\"widget\" data-settings=\"{&quot;_animation&quot;:&quot;fadeInUp&quot;}\" data-widget_type=\"heading.default\">\n\t\t\t\t<div class=\"elementor-widget-container\">\n\t\t\t\t\t<h1 class=\"elementor-heading-title elementor-size-default\">Nuestra misi\u00f3n<\/h1>\t\t\t\t<\/div>\n\t\t\t\t<\/div>\n\t\t\t\t<div class=\"elementor-element elementor-element-c657e0c elementor-widget elementor-widget-text-editor\" data-id=\"c657e0c\" data-element_type=\"widget\" data-e-type=\"widget\" data-widget_type=\"text-editor.default\">\n\t\t\t\t<div class=\"elementor-widget-container\">\n\t\t\t\t\t\t\t\t\t<p><span style=\"font-weight: 500;\">Creamos valor para nuestros clientes proporcionando<\/span> <b>productos innovadores, personalizables y de alta calidad<\/b><span style=\"font-weight: 500;\">. Con nuestro compromiso, ayudamos a los operadores de la industria a simplificar sus actividades diarias y a mejorar su competitividad, sin perder de vista la relaci\u00f3n calidad-precio. <\/span><\/p>\n\t\t\t\t\t\t\t\t<\/div>\n\t\t\t\t<\/div>\n\t\t\t\t<\/div>\n\t\t\t\t<\/div>\n\t\t<div class=\"elementor-element elementor-element-0a44596 e-con-full e-flex e-con e-parent\" data-id=\"0a44596\" data-element_type=\"container\" data-e-type=\"container\" data-settings=\"{&quot;background_background&quot;:&quot;classic&quot;}\">\n\t\t<div class=\"elementor-element elementor-element-28579d9 e-con-full e-flex e-con e-child\" data-id=\"28579d9\" data-element_type=\"container\" data-e-type=\"container\">\n\t\t\t\t<div class=\"elementor-element elementor-element-e76567d elementor-invisible elementor-widget elementor-widget-heading\" data-id=\"e76567d\" data-element_type=\"widget\" data-e-type=\"widget\" data-settings=\"{&quot;_animation&quot;:&quot;fadeInUp&quot;}\" data-widget_type=\"heading.default\">\n\t\t\t\t<div class=\"elementor-widget-container\">\n\t\t\t\t\t<h1 class=\"elementor-heading-title elementor-size-default\">Nuestros valores<\/h1>\t\t\t\t<\/div>\n\t\t\t\t<\/div>\n\t\t\t\t<div class=\"elementor-element elementor-element-1b02f5f elementor-widget elementor-widget-text-editor\" data-id=\"1b02f5f\" data-element_type=\"widget\" data-e-type=\"widget\" data-widget_type=\"text-editor.default\">\n\t\t\t\t<div class=\"elementor-widget-container\">\n\t\t\t\t\t\t\t\t\t<p><span style=\"font-weight: 500;\">Nuestra pasi\u00f3n se basa en tres pilares fundamentales<\/span><\/p>\n\t\t\t\t\t\t\t\t<\/div>\n\t\t\t\t<\/div>\n\t\t\t\t<\/div>\n\t\t<div class=\"elementor-element elementor-element-5e238fe e-con-full e-flex e-con e-child\" data-id=\"5e238fe\" data-element_type=\"container\" data-e-type=\"container\">\n\t\t<div class=\"elementor-element elementor-element-f2ad236 e-con-full e-flex e-con e-child\" data-id=\"f2ad236\" data-element_type=\"container\" data-e-type=\"container\">\n\t\t\t\t<div class=\"elementor-element elementor-element-c434821 elementor-invisible elementor-widget elementor-widget-heading\" data-id=\"c434821\" data-element_type=\"widget\" data-e-type=\"widget\" data-settings=\"{&quot;_animation&quot;:&quot;fadeInUp&quot;}\" data-widget_type=\"heading.default\">\n\t\t\t\t<div class=\"elementor-widget-container\">\n\t\t\t\t\t<h1 class=\"elementor-heading-title elementor-size-default\">Innovaci\u00f3n<\/h1>\t\t\t\t<\/div>\n\t\t\t\t<\/div>\n\t\t\t\t<div class=\"elementor-element elementor-element-5a9273b elementor-widget elementor-widget-text-editor\" data-id=\"5a9273b\" data-element_type=\"widget\" data-e-type=\"widget\" data-widget_type=\"text-editor.default\">\n\t\t\t\t<div class=\"elementor-widget-container\">\n\t\t\t\t\t\t\t\t\t<p>nos adelantamos a las tendencias del sector para ofrecer soluciones de vanguardia.<\/p>\n\t\t\t\t\t\t\t\t<\/div>\n\t\t\t\t<\/div>\n\t\t\t\t<\/div>\n\t\t<div class=\"elementor-element elementor-element-3008e58 e-con-full e-flex e-con e-child\" data-id=\"3008e58\" data-element_type=\"container\" data-e-type=\"container\">\n\t\t\t\t<div class=\"elementor-element elementor-element-ee8a302 elementor-invisible elementor-widget elementor-widget-heading\" data-id=\"ee8a302\" data-element_type=\"widget\" data-e-type=\"widget\" data-settings=\"{&quot;_animation&quot;:&quot;fadeInUp&quot;}\" data-widget_type=\"heading.default\">\n\t\t\t\t<div class=\"elementor-widget-container\">\n\t\t\t\t\t<h1 class=\"elementor-heading-title elementor-size-default\">Personalizaci\u00f3n<\/h1>\t\t\t\t<\/div>\n\t\t\t\t<\/div>\n\t\t\t\t<div class=\"elementor-element elementor-element-4c37d06 elementor-widget elementor-widget-text-editor\" data-id=\"4c37d06\" data-element_type=\"widget\" data-e-type=\"widget\" data-widget_type=\"text-editor.default\">\n\t\t\t\t<div class=\"elementor-widget-container\">\n\t\t\t\t\t\t\t\t\t<p>ada producto est\u00e1 dise\u00f1ado para adaptarse a las necesidades espec\u00edficas de nuestros clientes.<\/p>\n\t\t\t\t\t\t\t\t<\/div>\n\t\t\t\t<\/div>\n\t\t\t\t<\/div>\n\t\t<div class=\"elementor-element elementor-element-aa6a7f9 e-con-full e-flex e-con e-child\" data-id=\"aa6a7f9\" data-element_type=\"container\" data-e-type=\"container\">\n\t\t\t\t<div class=\"elementor-element elementor-element-87a2e18 elementor-invisible elementor-widget elementor-widget-heading\" data-id=\"87a2e18\" data-element_type=\"widget\" data-e-type=\"widget\" data-settings=\"{&quot;_animation&quot;:&quot;fadeInUp&quot;}\" data-widget_type=\"heading.default\">\n\t\t\t\t<div class=\"elementor-widget-container\">\n\t\t\t\t\t<h1 class=\"elementor-heading-title elementor-size-default\">Calidad<\/h1>\t\t\t\t<\/div>\n\t\t\t\t<\/div>\n\t\t\t\t<div class=\"elementor-element elementor-element-252215b elementor-widget elementor-widget-text-editor\" data-id=\"252215b\" data-element_type=\"widget\" data-e-type=\"widget\" data-widget_type=\"text-editor.default\">\n\t\t\t\t<div class=\"elementor-widget-container\">\n\t\t\t\t\t\t\t\t\t<p>Empleamos materiales y tecnolog\u00edas de alta gama para garantizar m\u00e1xima durabilidad y rendimiento.<\/p>\n\t\t\t\t\t\t\t\t<\/div>\n\t\t\t\t<\/div>\n\t\t\t\t<\/div>\n\t\t\t\t<\/div>\n\t\t\t\t<\/div>\n\t\t<div class=\"elementor-element elementor-element-c09f012 e-con-full e-flex e-con e-parent\" data-id=\"c09f012\" data-element_type=\"container\" data-e-type=\"container\">\n\t\t<div class=\"elementor-element elementor-element-2324e97 e-con-full e-flex e-con e-child\" data-id=\"2324e97\" data-element_type=\"container\" data-e-type=\"container\" data-settings=\"{&quot;background_background&quot;:&quot;classic&quot;}\">\n\t\t\t\t<div class=\"elementor-element elementor-element-07674af elementor-hidden-desktop elementor-hidden-tablet elementor-widget elementor-widget-spacer\" data-id=\"07674af\" data-element_type=\"widget\" data-e-type=\"widget\" data-widget_type=\"spacer.default\">\n\t\t\t\t<div class=\"elementor-widget-container\">\n\t\t\t\t\t\t\t<div class=\"elementor-spacer\">\n\t\t\t<div class=\"elementor-spacer-inner\"><\/div>\n\t\t<\/div>\n\t\t\t\t\t\t<\/div>\n\t\t\t\t<\/div>\n\t\t\t\t<\/div>\n\t\t<div class=\"elementor-element elementor-element-6141e4f e-con-full e-flex e-con e-child\" data-id=\"6141e4f\" data-element_type=\"container\" data-e-type=\"container\" data-settings=\"{&quot;background_background&quot;:&quot;classic&quot;}\">\n\t\t<div class=\"elementor-element elementor-element-119e94a e-con-full e-flex e-con e-child\" data-id=\"119e94a\" data-element_type=\"container\" data-e-type=\"container\" data-settings=\"{&quot;background_background&quot;:&quot;classic&quot;}\">\n\t\t\t\t<div class=\"elementor-element elementor-element-7bd0a6c elementor-invisible elementor-widget elementor-widget-heading\" data-id=\"7bd0a6c\" data-element_type=\"widget\" data-e-type=\"widget\" data-settings=\"{&quot;_animation&quot;:&quot;fadeInUp&quot;}\" data-widget_type=\"heading.default\">\n\t\t\t\t<div class=\"elementor-widget-container\">\n\t\t\t\t\t<h1 class=\"elementor-heading-title elementor-size-default\">Por qu\u00e9 elegir Tblustar\u00ae<\/h1>\t\t\t\t<\/div>\n\t\t\t\t<\/div>\n\t\t\t\t<div class=\"elementor-element elementor-element-a39432b elementor-widget elementor-widget-text-editor\" data-id=\"a39432b\" data-element_type=\"widget\" data-e-type=\"widget\" data-widget_type=\"text-editor.default\">\n\t\t\t\t<div class=\"elementor-widget-container\">\n\t\t\t\t\t\t\t\t\t<p><span style=\"font-weight: 500;\">Somos m\u00e1s que un simple proveedor: somos un socio a su disposici\u00f3n.<\/span><span style=\"font-weight: 500;\"><br \/><\/span><span style=\"font-weight: 500;\">Nuestro equipo est\u00e1 siempre preparado para escuchar sus necesidades y colaborar con usted para encontrar la soluci\u00f3n ideal para su empresa.<\/span><\/p>\n\t\t\t\t\t\t\t\t<\/div>\n\t\t\t\t<\/div>\n\t\t\t\t<\/div>\n\t\t<div class=\"elementor-element elementor-element-56d597e e-con-full e-flex e-con e-child\" data-id=\"56d597e\" data-element_type=\"container\" data-e-type=\"container\">\n\t\t\t\t<div class=\"elementor-element elementor-element-106e3c2 elementor-invisible elementor-widget elementor-widget-heading\" data-id=\"106e3c2\" data-element_type=\"widget\" data-e-type=\"widget\" data-settings=\"{&quot;_animation&quot;:&quot;fadeInUp&quot;}\" data-widget_type=\"heading.default\">\n\t\t\t\t<div class=\"elementor-widget-container\">\n\t\t\t\t\t<h1 class=\"elementor-heading-title elementor-size-default\">STAR MEMBER PROGRAM dedicado a todos nuestros clientes<\/h1>\t\t\t\t<\/div>\n\t\t\t\t<\/div>\n\t\t\t\t<div class=\"elementor-element elementor-element-ce2424c elementor-widget elementor-widget-text-editor\" data-id=\"ce2424c\" data-element_type=\"widget\" data-e-type=\"widget\" data-widget_type=\"text-editor.default\">\n\t\t\t\t<div class=\"elementor-widget-container\">\n\t\t\t\t\t\t\t\t\t<p><b>El programa STAR MEMBER <\/b><span style=\"font-weight: 500;\">es un exclusivo plan de ventas dise\u00f1ado para los clientes que adquieren el sanitario T-STAR.<\/span><span style=\"font-weight: 500;\"><br \/><\/span><span style=\"font-weight: 500;\">Este programa tiene como objetivo ayudarle a optimizar sus compras y maximizar los beneficios de su inversi\u00f3n.<\/span><span style=\"font-weight: 500;\"><br \/><\/span><span style=\"font-weight: 500;\">No dude en ponerse en contacto con nuestro equipo para obtener m\u00e1s informaci\u00f3n sobre este ventajoso programa.<\/span><\/p>\n\t\t\t\t\t\t\t\t<\/div>\n\t\t\t\t<\/div>\n\t\t\t\t<div class=\"elementor-element elementor-element-d7e9a9f elementor-widget elementor-widget-button\" data-id=\"d7e9a9f\" data-element_type=\"widget\" data-e-type=\"widget\" data-widget_type=\"button.default\">\n\t\t\t\t<div class=\"elementor-widget-container\">\n\t\t\t\t\t\t\t\t\t<div class=\"elementor-button-wrapper\">\n\t\t\t\t\t<a class=\"elementor-button elementor-button-link elementor-size-sm\" href=\"https:\/\/www.tblustar.com\/es\/contacto\/\">\n\t\t\t\t\t\t<span class=\"elementor-button-content-wrapper\">\n\t\t\t\t\t\t<span class=\"elementor-button-icon\">\n\t\t\t\t<svg aria-hidden=\"true\" class=\"e-font-icon-svg e-fas-angle-right\" viewBox=\"0 0 256 512\" xmlns=\"http:\/\/www.w3.org\/2000\/svg\"><path d=\"M224.3 273l-136 136c-9.4 9.4-24.6 9.4-33.9 0l-22.6-22.6c-9.4-9.4-9.4-24.6 0-33.9l96.4-96.4-96.4-96.4c-9.4-9.4-9.4-24.6 0-33.9L54.3 103c9.4-9.4 24.6-9.4 33.9 0l136 136c9.5 9.4 9.5 24.6.1 34z\"><\/path><\/svg>\t\t\t<\/span>\n\t\t\t\t\t\t\t\t\t<span class=\"elementor-button-text\">Contacto<\/span>\n\t\t\t\t\t<\/span>\n\t\t\t\t\t<\/a>\n\t\t\t\t<\/div>\n\t\t\t\t\t\t\t\t<\/div>\n\t\t\t\t<\/div>\n\t\t\t\t<\/div>\n\t\t\t\t<\/div>\n\t\t\t\t<\/div>\n\t\t\t\t<\/div>\n\t\t","protected":false},"excerpt":{"rendered":"<p>Bienvenido a Tblustar\u00ae un referente de innovaci\u00f3n y calidad en el campo de los ba\u00f1os qu\u00edmicos y las cisternas de descarga. Desde hace m\u00e1s de ocho a\u00f1os, nuestro grupo se dedica al dise\u00f1o y producci\u00f3n de soluciones de higiene port\u00e1tiles concebidas para satisfacer las necesidades de los operadores de alquiler de aseos qu\u00edmicos en todo [&hellip;]<\/p>\n","protected":false},"author":1,"featured_media":0,"parent":0,"menu_order":0,"comment_status":"closed","ping_status":"closed","template":"","meta":{"footnotes":""},"class_list":["post-4920","page","type-page","status-publish","hentry"],"_links":{"self":[{"href":"https:\/\/www.tblustar.com\/es\/wp-json\/wp\/v2\/pages\/4920","targetHints":{"allow":["GET"]}}],"collection":[{"href":"https:\/\/www.tblustar.com\/es\/wp-json\/wp\/v2\/pages"}],"about":[{"href":"https:\/\/www.tblustar.com\/es\/wp-json\/wp\/v2\/types\/page"}],"author":[{"embeddable":true,"href":"https:\/\/www.tblustar.com\/es\/wp-json\/wp\/v2\/users\/1"}],"replies":[{"embeddable":true,"href":"https:\/\/www.tblustar.com\/es\/wp-json\/wp\/v2\/comments?post=4920"}],"version-history":[{"count":0,"href":"https:\/\/www.tblustar.com\/es\/wp-json\/wp\/v2\/pages\/4920\/revisions"}],"wp:attachment":[{"href":"https:\/\/www.tblustar.com\/es\/wp-json\/wp\/v2\/media?parent=4920"}],"curies":[{"name":"wp","href":"https:\/\/api.w.org\/{rel}","templated":true}]}}