{"id":5041,"date":"2025-01-15T12:00:04","date_gmt":"2025-01-15T12:00:04","guid":{"rendered":"https:\/\/www.tblustar.com\/vehiculo-porter\/"},"modified":"2025-03-17T09:11:15","modified_gmt":"2025-03-17T09:11:15","slug":"vehiculo-porter","status":"publish","type":"page","link":"https:\/\/www.tblustar.com\/es\/vehiculo-porter\/","title":{"rendered":"VEH\u00cdCULO PORTER"},"content":{"rendered":"\t\t<div data-elementor-type=\"wp-page\" data-elementor-id=\"5041\" class=\"elementor elementor-5041 elementor-723\" data-elementor-post-type=\"page\">\n\t\t\t\t<div class=\"elementor-element elementor-element-6658ee51 e-con-full elementor-hidden-mobile e-flex e-con e-parent\" data-id=\"6658ee51\" data-element_type=\"container\" data-e-type=\"container\" data-settings=\"{&quot;background_background&quot;:&quot;gradient&quot;}\">\n\t\t<div class=\"elementor-element elementor-element-6f6c1a2f e-con-full e-flex e-con e-child\" data-id=\"6f6c1a2f\" data-element_type=\"container\" data-e-type=\"container\">\n\t\t\t\t<div class=\"elementor-element elementor-element-616fcc16 elementor-invisible elementor-widget elementor-widget-heading\" data-id=\"616fcc16\" data-element_type=\"widget\" data-e-type=\"widget\" data-settings=\"{&quot;_animation&quot;:&quot;fadeInLeft&quot;}\" data-widget_type=\"heading.default\">\n\t\t\t\t<div class=\"elementor-widget-container\">\n\t\t\t\t\t<h1 class=\"elementor-heading-title elementor-size-default\">VEH\u00cdCULO PORTER\n<\/h1>\t\t\t\t<\/div>\n\t\t\t\t<\/div>\n\t\t\t\t<div class=\"elementor-element elementor-element-6bfe8179 elementor-widget elementor-widget-heading\" data-id=\"6bfe8179\" data-element_type=\"widget\" data-e-type=\"widget\" data-widget_type=\"heading.default\">\n\t\t\t\t<div class=\"elementor-widget-container\">\n\t\t\t\t\t<h1 class=\"elementor-heading-title elementor-size-default\">PORTER PIAGGIO NP6 Long Range<\/h1>\t\t\t\t<\/div>\n\t\t\t\t<\/div>\n\t\t\t\t<div class=\"elementor-element elementor-element-3a5dd17f elementor-widget elementor-widget-text-editor\" data-id=\"3a5dd17f\" data-element_type=\"widget\" data-e-type=\"widget\" data-widget_type=\"text-editor.default\">\n\t\t\t\t<div class=\"elementor-widget-container\">\n\t\t\t\t\t\t\t\t\t<p><span style=\"font-weight: 500;\">La <\/span><b>PORTER PIAGGIO NP6 Long Range<\/b><span style=\"font-weight: 500;\"> es la soluci\u00f3n ideal para quienes trabajan en el centro de las ciudades y en espacios reducidos. Gracias a su dise\u00f1o compacto y su considerable capacidad de carga, resulta perfecta para gestionar operaciones con eficiencia y practicidad. Equipada con   <\/span><b>dos dep\u00f3sitos de 50 litros <\/b><span style=\"font-weight: 500;\">(GLP y gasolina), puede incorporar nuestra<\/span> <b>SST-304 Compact<\/b><span style=\"font-weight: 500;\">, con una capacidad de 850 litros de pur\u00edn y 400 litros de agua.<\/span><\/p>\n<p><span style=\"font-weight: 500;\">Las mangueras, situadas a ambos lados, garantizan una aspiraci\u00f3n y un lavado eficientes, con una extensi\u00f3n de 15 metros por lado. Adem\u00e1s, el enganche de remolque permite transportar el  <\/span><b>remolque T-JACK<\/b><span style=\"font-weight: 500;\">, aumentando la capacidad hasta <\/span><b>14 ba\u00f1os T-STAR.<\/b><span style=\"font-weight: 500;\">Una soluci\u00f3n econ\u00f3mica, pr\u00e1ctica y vers\u00e1til para quienes buscan un rendimiento excepcional en cualquier entorno operativo. <\/span><\/p>\n<p><br style=\"font-weight: 400;\"><\/p>\n\t\t\t\t\t\t\t\t<\/div>\n\t\t\t\t<\/div>\n\t\t\t\t<\/div>\n\t\t<div class=\"elementor-element elementor-element-774266ca e-con-full e-flex e-con e-child\" data-id=\"774266ca\" data-element_type=\"container\" data-e-type=\"container\">\n\t\t\t\t<div class=\"elementor-element elementor-element-49bb8ee elementor-arrows-position-inside elementor-widget elementor-widget-image-carousel\" data-id=\"49bb8ee\" data-element_type=\"widget\" data-e-type=\"widget\" data-settings=\"{&quot;slides_to_show&quot;:&quot;1&quot;,&quot;navigation&quot;:&quot;arrows&quot;,&quot;effect&quot;:&quot;fade&quot;,&quot;autoplay&quot;:&quot;yes&quot;,&quot;pause_on_hover&quot;:&quot;yes&quot;,&quot;pause_on_interaction&quot;:&quot;yes&quot;,&quot;autoplay_speed&quot;:5000,&quot;infinite&quot;:&quot;yes&quot;,&quot;speed&quot;:500}\" data-widget_type=\"image-carousel.default\">\n\t\t\t\t<div class=\"elementor-widget-container\">\n\t\t\t\t\t\t\t<div class=\"elementor-image-carousel-wrapper swiper\" role=\"region\" aria-roledescription=\"carousel\" aria-label=\"Image Carousel\" dir=\"ltr\">\n\t\t\t<div class=\"elementor-image-carousel swiper-wrapper swiper-image-stretch\" aria-live=\"off\">\n\t\t\t\t\t\t\t\t<div class=\"swiper-slide\" role=\"group\" aria-roledescription=\"slide\" aria-label=\"1 de 5\"><figure class=\"swiper-slide-inner\"><img decoding=\"async\" class=\"swiper-slide-image\" src=\"https:\/\/www.tblustar.com\/wp-content\/uploads\/2025\/01\/TBLUSTAR103522-2.webp\" alt=\"TBLUSTAR103522-2\" \/><\/figure><\/div><div class=\"swiper-slide\" role=\"group\" aria-roledescription=\"slide\" aria-label=\"2 de 5\"><figure class=\"swiper-slide-inner\"><img decoding=\"async\" class=\"swiper-slide-image\" src=\"https:\/\/www.tblustar.com\/wp-content\/uploads\/2025\/01\/TBLUSTAR103522.webp\" alt=\"TBLUSTAR103522\" \/><\/figure><\/div><div class=\"swiper-slide\" role=\"group\" aria-roledescription=\"slide\" aria-label=\"3 de 5\"><figure class=\"swiper-slide-inner\"><img decoding=\"async\" class=\"swiper-slide-image\" src=\"https:\/\/www.tblustar.com\/wp-content\/uploads\/2025\/01\/TBLUSTAR103522-3.webp\" alt=\"TBLUSTAR103522-3\" \/><\/figure><\/div><div class=\"swiper-slide\" role=\"group\" aria-roledescription=\"slide\" aria-label=\"4 de 5\"><figure class=\"swiper-slide-inner\"><img decoding=\"async\" class=\"swiper-slide-image\" src=\"https:\/\/www.tblustar.com\/wp-content\/uploads\/2025\/01\/TBLUSTAR103522-4.webp\" alt=\"TBLUSTAR103522-4\" \/><\/figure><\/div><div class=\"swiper-slide\" role=\"group\" aria-roledescription=\"slide\" aria-label=\"5 de 5\"><figure class=\"swiper-slide-inner\"><img decoding=\"async\" class=\"swiper-slide-image\" src=\"https:\/\/www.tblustar.com\/wp-content\/uploads\/2025\/01\/T-JACK-Trailer.webp\" alt=\"_T-JACK-Trailer\" \/><\/figure><\/div>\t\t\t<\/div>\n\t\t\t\t\t\t\t\t\t\t\t\t<div class=\"elementor-swiper-button elementor-swiper-button-prev\" role=\"button\" tabindex=\"0\">\n\t\t\t\t\t\t<svg aria-hidden=\"true\" class=\"e-font-icon-svg e-eicon-chevron-left\" viewBox=\"0 0 1000 1000\" xmlns=\"http:\/\/www.w3.org\/2000\/svg\"><path d=\"M646 125C629 125 613 133 604 142L308 442C296 454 292 471 292 487 292 504 296 521 308 533L604 854C617 867 629 875 646 875 663 875 679 871 692 858 704 846 713 829 713 812 713 796 708 779 692 767L438 487 692 225C700 217 708 204 708 187 708 171 704 154 692 142 675 129 663 125 646 125Z\"><\/path><\/svg>\t\t\t\t\t<\/div>\n\t\t\t\t\t<div class=\"elementor-swiper-button elementor-swiper-button-next\" role=\"button\" tabindex=\"0\">\n\t\t\t\t\t\t<svg aria-hidden=\"true\" class=\"e-font-icon-svg e-eicon-chevron-right\" viewBox=\"0 0 1000 1000\" xmlns=\"http:\/\/www.w3.org\/2000\/svg\"><path d=\"M696 533C708 521 713 504 713 487 713 471 708 454 696 446L400 146C388 133 375 125 354 125 338 125 325 129 313 142 300 154 292 171 292 187 292 204 296 221 308 233L563 492 304 771C292 783 288 800 288 817 288 833 296 850 308 863 321 871 338 875 354 875 371 875 388 867 400 854L696 533Z\"><\/path><\/svg>\t\t\t\t\t<\/div>\n\t\t\t\t\n\t\t\t\t\t\t\t\t\t<\/div>\n\t\t\t\t\t\t<\/div>\n\t\t\t\t<\/div>\n\t\t\t\t<\/div>\n\t\t\t\t<\/div>\n\t\t<div class=\"elementor-element elementor-element-62c102d e-con-full elementor-hidden-desktop elementor-hidden-tablet e-flex e-con e-parent\" data-id=\"62c102d\" data-element_type=\"container\" data-e-type=\"container\">\n\t\t<div class=\"elementor-element elementor-element-c3e6675 e-flex e-con-boxed e-con e-child\" data-id=\"c3e6675\" data-element_type=\"container\" data-e-type=\"container\" data-settings=\"{&quot;background_background&quot;:&quot;classic&quot;}\">\n\t\t\t\t\t<div class=\"e-con-inner\">\n\t\t\t\t<div class=\"elementor-element elementor-element-6c239db elementor-arrows-position-inside elementor-widget elementor-widget-image-carousel\" data-id=\"6c239db\" data-element_type=\"widget\" data-e-type=\"widget\" data-settings=\"{&quot;slides_to_show&quot;:&quot;1&quot;,&quot;navigation&quot;:&quot;arrows&quot;,&quot;effect&quot;:&quot;fade&quot;,&quot;autoplay&quot;:&quot;yes&quot;,&quot;pause_on_hover&quot;:&quot;yes&quot;,&quot;pause_on_interaction&quot;:&quot;yes&quot;,&quot;autoplay_speed&quot;:5000,&quot;infinite&quot;:&quot;yes&quot;,&quot;speed&quot;:500}\" data-widget_type=\"image-carousel.default\">\n\t\t\t\t<div class=\"elementor-widget-container\">\n\t\t\t\t\t\t\t<div class=\"elementor-image-carousel-wrapper swiper\" role=\"region\" aria-roledescription=\"carousel\" aria-label=\"Image Carousel\" dir=\"ltr\">\n\t\t\t<div class=\"elementor-image-carousel swiper-wrapper swiper-image-stretch\" aria-live=\"off\">\n\t\t\t\t\t\t\t\t<div class=\"swiper-slide\" role=\"group\" aria-roledescription=\"slide\" aria-label=\"1 de 5\"><figure class=\"swiper-slide-inner\"><img decoding=\"async\" class=\"swiper-slide-image\" src=\"https:\/\/www.tblustar.com\/wp-content\/uploads\/2025\/01\/TBLUSTAR103522-2.webp\" alt=\"TBLUSTAR103522-2\" \/><\/figure><\/div><div class=\"swiper-slide\" role=\"group\" aria-roledescription=\"slide\" aria-label=\"2 de 5\"><figure class=\"swiper-slide-inner\"><img decoding=\"async\" class=\"swiper-slide-image\" src=\"https:\/\/www.tblustar.com\/wp-content\/uploads\/2025\/01\/TBLUSTAR103522.webp\" alt=\"TBLUSTAR103522\" \/><\/figure><\/div><div class=\"swiper-slide\" role=\"group\" aria-roledescription=\"slide\" aria-label=\"3 de 5\"><figure class=\"swiper-slide-inner\"><img decoding=\"async\" class=\"swiper-slide-image\" src=\"https:\/\/www.tblustar.com\/wp-content\/uploads\/2025\/01\/TBLUSTAR103522-3.webp\" alt=\"TBLUSTAR103522-3\" \/><\/figure><\/div><div class=\"swiper-slide\" role=\"group\" aria-roledescription=\"slide\" aria-label=\"4 de 5\"><figure class=\"swiper-slide-inner\"><img decoding=\"async\" class=\"swiper-slide-image\" src=\"https:\/\/www.tblustar.com\/wp-content\/uploads\/2025\/01\/TBLUSTAR103522-4.webp\" alt=\"TBLUSTAR103522-4\" \/><\/figure><\/div><div class=\"swiper-slide\" role=\"group\" aria-roledescription=\"slide\" aria-label=\"5 de 5\"><figure class=\"swiper-slide-inner\"><img decoding=\"async\" class=\"swiper-slide-image\" src=\"https:\/\/www.tblustar.com\/wp-content\/uploads\/2025\/01\/T-JACK-Trailer.webp\" alt=\"_T-JACK-Trailer\" \/><\/figure><\/div>\t\t\t<\/div>\n\t\t\t\t\t\t\t\t\t\t\t\t<div class=\"elementor-swiper-button elementor-swiper-button-prev\" role=\"button\" tabindex=\"0\">\n\t\t\t\t\t\t<svg aria-hidden=\"true\" class=\"e-font-icon-svg e-eicon-chevron-left\" viewBox=\"0 0 1000 1000\" xmlns=\"http:\/\/www.w3.org\/2000\/svg\"><path d=\"M646 125C629 125 613 133 604 142L308 442C296 454 292 471 292 487 292 504 296 521 308 533L604 854C617 867 629 875 646 875 663 875 679 871 692 858 704 846 713 829 713 812 713 796 708 779 692 767L438 487 692 225C700 217 708 204 708 187 708 171 704 154 692 142 675 129 663 125 646 125Z\"><\/path><\/svg>\t\t\t\t\t<\/div>\n\t\t\t\t\t<div class=\"elementor-swiper-button elementor-swiper-button-next\" role=\"button\" tabindex=\"0\">\n\t\t\t\t\t\t<svg aria-hidden=\"true\" class=\"e-font-icon-svg e-eicon-chevron-right\" viewBox=\"0 0 1000 1000\" xmlns=\"http:\/\/www.w3.org\/2000\/svg\"><path d=\"M696 533C708 521 713 504 713 487 713 471 708 454 696 446L400 146C388 133 375 125 354 125 338 125 325 129 313 142 300 154 292 171 292 187 292 204 296 221 308 233L563 492 304 771C292 783 288 800 288 817 288 833 296 850 308 863 321 871 338 875 354 875 371 875 388 867 400 854L696 533Z\"><\/path><\/svg>\t\t\t\t\t<\/div>\n\t\t\t\t\n\t\t\t\t\t\t\t\t\t<\/div>\n\t\t\t\t\t\t<\/div>\n\t\t\t\t<\/div>\n\t\t\t\t\t<\/div>\n\t\t\t\t<\/div>\n\t\t<div class=\"elementor-element elementor-element-d033b8a e-flex e-con-boxed e-con e-child\" data-id=\"d033b8a\" data-element_type=\"container\" data-e-type=\"container\">\n\t\t\t\t\t<div class=\"e-con-inner\">\n\t\t\t\t<div class=\"elementor-element elementor-element-5aa30c2 elementor-invisible elementor-widget elementor-widget-heading\" data-id=\"5aa30c2\" data-element_type=\"widget\" data-e-type=\"widget\" data-settings=\"{&quot;_animation&quot;:&quot;fadeInLeft&quot;}\" data-widget_type=\"heading.default\">\n\t\t\t\t<div class=\"elementor-widget-container\">\n\t\t\t\t\t<h1 class=\"elementor-heading-title elementor-size-default\">VEH\u00cdCULO PORTER<\/h1>\t\t\t\t<\/div>\n\t\t\t\t<\/div>\n\t\t\t\t<div class=\"elementor-element elementor-element-01f348b elementor-widget elementor-widget-heading\" data-id=\"01f348b\" data-element_type=\"widget\" data-e-type=\"widget\" data-widget_type=\"heading.default\">\n\t\t\t\t<div class=\"elementor-widget-container\">\n\t\t\t\t\t<h1 class=\"elementor-heading-title elementor-size-default\">PORTER PIAGGIO NP6 Long Range<\/h1>\t\t\t\t<\/div>\n\t\t\t\t<\/div>\n\t\t\t\t<div class=\"elementor-element elementor-element-f169846 elementor-widget elementor-widget-text-editor\" data-id=\"f169846\" data-element_type=\"widget\" data-e-type=\"widget\" data-widget_type=\"text-editor.default\">\n\t\t\t\t<div class=\"elementor-widget-container\">\n\t\t\t\t\t\t\t\t\t<p><span style=\"font-weight: 500;\">La <\/span><b>PORTER PIAGGIO NP6 Long Range<\/b><span style=\"font-weight: 500;\"> es la soluci\u00f3n ideal para quienes trabajan en el centro de las ciudades y en espacios reducidos. Gracias a su dise\u00f1o compacto y su considerable capacidad de carga, resulta perfecta para gestionar operaciones con eficiencia y practicidad. Equipada con   <\/span><b>dos dep\u00f3sitos de 50 litros <\/b><span style=\"font-weight: 500;\">(GLP y gasolina), puede incorporar nuestra<\/span> <b>SST-304 Compact<\/b><span style=\"font-weight: 500;\">, con una capacidad de 850 litros de pur\u00edn y 400 litros de agua.<\/span><\/p>\n<p><span style=\"font-weight: 500;\">Las mangueras, situadas a ambos lados, garantizan una aspiraci\u00f3n y un lavado eficientes, con una extensi\u00f3n de 15 metros por lado. Adem\u00e1s, el enganche de remolque permite transportar el  <\/span><b>remolque T-JACK<\/b><span style=\"font-weight: 500;\">, aumentando la capacidad hasta <\/span><b>14 ba\u00f1os T-STAR.<\/b><span style=\"font-weight: 500;\">Una soluci\u00f3n econ\u00f3mica, pr\u00e1ctica y vers\u00e1til para quienes buscan un rendimiento excepcional en cualquier entorno operativo. <\/span><\/p>\n\t\t\t\t\t\t\t\t<\/div>\n\t\t\t\t<\/div>\n\t\t\t\t\t<\/div>\n\t\t\t\t<\/div>\n\t\t\t\t<\/div>\n\t\t\t\t<\/div>\n\t\t","protected":false},"excerpt":{"rendered":"<p>VEH\u00cdCULO PORTER PORTER PIAGGIO NP6 Long Range La PORTER PIAGGIO NP6 Long Range es la soluci\u00f3n ideal para quienes trabajan en el centro de las ciudades y en espacios reducidos. Gracias a su dise\u00f1o compacto y su considerable capacidad de carga, resulta perfecta para gestionar operaciones con eficiencia y practicidad. Equipada con dos dep\u00f3sitos de [&hellip;]<\/p>\n","protected":false},"author":1,"featured_media":0,"parent":0,"menu_order":0,"comment_status":"closed","ping_status":"closed","template":"","meta":{"footnotes":""},"class_list":["post-5041","page","type-page","status-publish","hentry"],"_links":{"self":[{"href":"https:\/\/www.tblustar.com\/es\/wp-json\/wp\/v2\/pages\/5041","targetHints":{"allow":["GET"]}}],"collection":[{"href":"https:\/\/www.tblustar.com\/es\/wp-json\/wp\/v2\/pages"}],"about":[{"href":"https:\/\/www.tblustar.com\/es\/wp-json\/wp\/v2\/types\/page"}],"author":[{"embeddable":true,"href":"https:\/\/www.tblustar.com\/es\/wp-json\/wp\/v2\/users\/1"}],"replies":[{"embeddable":true,"href":"https:\/\/www.tblustar.com\/es\/wp-json\/wp\/v2\/comments?post=5041"}],"version-history":[{"count":0,"href":"https:\/\/www.tblustar.com\/es\/wp-json\/wp\/v2\/pages\/5041\/revisions"}],"wp:attachment":[{"href":"https:\/\/www.tblustar.com\/es\/wp-json\/wp\/v2\/media?parent=5041"}],"curies":[{"name":"wp","href":"https:\/\/api.w.org\/{rel}","templated":true}]}}