{"id":5053,"date":"2025-01-15T12:20:05","date_gmt":"2025-01-15T12:20:05","guid":{"rendered":"https:\/\/www.tblustar.com\/vehiculo-ford\/"},"modified":"2025-03-17T09:15:46","modified_gmt":"2025-03-17T09:15:46","slug":"vehiculo-ford","status":"publish","type":"page","link":"https:\/\/www.tblustar.com\/es\/vehiculo-ford\/","title":{"rendered":"VEH\u00cdCULO FORD"},"content":{"rendered":"\t\t<div data-elementor-type=\"wp-page\" data-elementor-id=\"5053\" class=\"elementor elementor-5053 elementor-768\" data-elementor-post-type=\"page\">\n\t\t\t\t<div class=\"elementor-element elementor-element-785ef98c e-con-full elementor-hidden-mobile e-flex e-con e-parent\" data-id=\"785ef98c\" data-element_type=\"container\" data-e-type=\"container\" data-settings=\"{&quot;background_background&quot;:&quot;gradient&quot;}\">\n\t\t<div class=\"elementor-element elementor-element-7f07a8ea e-con-full e-flex e-con e-child\" data-id=\"7f07a8ea\" data-element_type=\"container\" data-e-type=\"container\">\n\t\t\t\t<div class=\"elementor-element elementor-element-38a2a91b elementor-invisible elementor-widget elementor-widget-heading\" data-id=\"38a2a91b\" data-element_type=\"widget\" data-e-type=\"widget\" data-settings=\"{&quot;_animation&quot;:&quot;fadeInLeft&quot;}\" data-widget_type=\"heading.default\">\n\t\t\t\t<div class=\"elementor-widget-container\">\n\t\t\t\t\t<h1 class=\"elementor-heading-title elementor-size-default\">VEH\u00cdCULO FORD<\/h1>\t\t\t\t<\/div>\n\t\t\t\t<\/div>\n\t\t\t\t<div class=\"elementor-element elementor-element-2b2d8e5b elementor-widget elementor-widget-heading\" data-id=\"2b2d8e5b\" data-element_type=\"widget\" data-e-type=\"widget\" data-widget_type=\"heading.default\">\n\t\t\t\t<div class=\"elementor-widget-container\">\n\t\t\t\t\t<h1 class=\"elementor-heading-title elementor-size-default\">FORD TRANSIT L3<\/h1>\t\t\t\t<\/div>\n\t\t\t\t<\/div>\n\t\t\t\t<div class=\"elementor-element elementor-element-f0297d4 elementor-widget elementor-widget-text-editor\" data-id=\"f0297d4\" data-element_type=\"widget\" data-e-type=\"widget\" data-widget_type=\"text-editor.default\">\n\t\t\t\t<div class=\"elementor-widget-container\">\n\t\t\t\t\t\t\t\t\t<p><span style=\"font-weight: 500;\">La <\/span><b>FORD TRANSIT L3<\/b><span style=\"font-weight: 500;\">, disponible en versiones de 35 y 50 quintales, es el veh\u00edculo ideal para la gesti\u00f3n de ba\u00f1os qu\u00edmicos en obras y zonas de trabajo. Con una potencia que var\u00eda entre  <\/span><b>130 y 180 CV<\/b>,<span style=\"font-weight: 500;\"> puede equiparse con nuestras unidades <\/span><b>SST-304 Compact <\/b>(<span style=\"font-weight: 500;\">850 litros de aguas residuales y 400 litros de agua) o <\/span><b>SST-304 Standard <\/b><span style=\"font-weight: 500;\">(1200 litros de aguas residuales y 650 litros de agua).<\/span><\/p>\n<p><span style=\"font-weight: 500;\">Este veh\u00edculo tiene capacidad para transportar hasta <\/span><b>4 ba\u00f1os T-STAR<\/b> <span style=\"font-weight: 500;\">desmontados con lavamanos y<\/span> <b>remolcar un remolque T-JACK<\/b>,<span style=\"font-weight: 500;\"> incrementando la capacidad total a<\/span> <b>16 ba\u00f1os T-STAR.<\/b><span style=\"font-weight: 500;\">. Una opci\u00f3n destacada y de alto rendimiento para optimizar las operaciones en obras.<\/span><\/p>\n\t\t\t\t\t\t\t\t<\/div>\n\t\t\t\t<\/div>\n\t\t\t\t<\/div>\n\t\t<div class=\"elementor-element elementor-element-1ab26290 e-con-full e-flex e-con e-child\" data-id=\"1ab26290\" data-element_type=\"container\" data-e-type=\"container\">\n\t\t\t\t<div class=\"elementor-element elementor-element-3718f9b elementor-arrows-position-inside elementor-widget elementor-widget-image-carousel\" data-id=\"3718f9b\" data-element_type=\"widget\" data-e-type=\"widget\" data-settings=\"{&quot;slides_to_show&quot;:&quot;1&quot;,&quot;navigation&quot;:&quot;arrows&quot;,&quot;effect&quot;:&quot;fade&quot;,&quot;autoplay&quot;:&quot;yes&quot;,&quot;pause_on_hover&quot;:&quot;yes&quot;,&quot;pause_on_interaction&quot;:&quot;yes&quot;,&quot;autoplay_speed&quot;:5000,&quot;infinite&quot;:&quot;yes&quot;,&quot;speed&quot;:500}\" data-widget_type=\"image-carousel.default\">\n\t\t\t\t<div class=\"elementor-widget-container\">\n\t\t\t\t\t\t\t<div class=\"elementor-image-carousel-wrapper swiper\" role=\"region\" aria-roledescription=\"carousel\" aria-label=\"Image Carousel\" dir=\"ltr\">\n\t\t\t<div class=\"elementor-image-carousel swiper-wrapper swiper-image-stretch\" aria-live=\"off\">\n\t\t\t\t\t\t\t\t<div class=\"swiper-slide\" role=\"group\" aria-roledescription=\"slide\" aria-label=\"1 de 5\"><figure class=\"swiper-slide-inner\"><img decoding=\"async\" class=\"swiper-slide-image\" src=\"https:\/\/www.tblustar.com\/wp-content\/uploads\/2025\/01\/TBLUSTAR103506.webp\" alt=\"TBLUSTAR103506\" \/><\/figure><\/div><div class=\"swiper-slide\" role=\"group\" aria-roledescription=\"slide\" aria-label=\"2 de 5\"><figure class=\"swiper-slide-inner\"><img decoding=\"async\" class=\"swiper-slide-image\" src=\"https:\/\/www.tblustar.com\/wp-content\/uploads\/2025\/01\/TBLUSTAR103506-2.webp\" alt=\"TBLUSTAR103506-2\" \/><\/figure><\/div><div class=\"swiper-slide\" role=\"group\" aria-roledescription=\"slide\" aria-label=\"3 de 5\"><figure class=\"swiper-slide-inner\"><img decoding=\"async\" class=\"swiper-slide-image\" src=\"https:\/\/www.tblustar.com\/wp-content\/uploads\/2025\/01\/TBLUSTAR103506-4.webp\" alt=\"TBLUSTAR103506-4\" \/><\/figure><\/div><div class=\"swiper-slide\" role=\"group\" aria-roledescription=\"slide\" aria-label=\"4 de 5\"><figure class=\"swiper-slide-inner\"><img decoding=\"async\" class=\"swiper-slide-image\" src=\"https:\/\/www.tblustar.com\/wp-content\/uploads\/2025\/01\/TBLUSTAR103506-3.webp\" alt=\"TBLUSTAR103506-3\" \/><\/figure><\/div><div class=\"swiper-slide\" role=\"group\" aria-roledescription=\"slide\" aria-label=\"5 de 5\"><figure class=\"swiper-slide-inner\"><img decoding=\"async\" class=\"swiper-slide-image\" src=\"https:\/\/www.tblustar.com\/wp-content\/uploads\/2025\/01\/T-JACK-Trailer.webp\" alt=\"_T-JACK-Trailer\" \/><\/figure><\/div>\t\t\t<\/div>\n\t\t\t\t\t\t\t\t\t\t\t\t<div class=\"elementor-swiper-button elementor-swiper-button-prev\" role=\"button\" tabindex=\"0\">\n\t\t\t\t\t\t<svg aria-hidden=\"true\" class=\"e-font-icon-svg e-eicon-chevron-left\" viewBox=\"0 0 1000 1000\" xmlns=\"http:\/\/www.w3.org\/2000\/svg\"><path d=\"M646 125C629 125 613 133 604 142L308 442C296 454 292 471 292 487 292 504 296 521 308 533L604 854C617 867 629 875 646 875 663 875 679 871 692 858 704 846 713 829 713 812 713 796 708 779 692 767L438 487 692 225C700 217 708 204 708 187 708 171 704 154 692 142 675 129 663 125 646 125Z\"><\/path><\/svg>\t\t\t\t\t<\/div>\n\t\t\t\t\t<div class=\"elementor-swiper-button elementor-swiper-button-next\" role=\"button\" tabindex=\"0\">\n\t\t\t\t\t\t<svg aria-hidden=\"true\" class=\"e-font-icon-svg e-eicon-chevron-right\" viewBox=\"0 0 1000 1000\" xmlns=\"http:\/\/www.w3.org\/2000\/svg\"><path d=\"M696 533C708 521 713 504 713 487 713 471 708 454 696 446L400 146C388 133 375 125 354 125 338 125 325 129 313 142 300 154 292 171 292 187 292 204 296 221 308 233L563 492 304 771C292 783 288 800 288 817 288 833 296 850 308 863 321 871 338 875 354 875 371 875 388 867 400 854L696 533Z\"><\/path><\/svg>\t\t\t\t\t<\/div>\n\t\t\t\t\n\t\t\t\t\t\t\t\t\t<\/div>\n\t\t\t\t\t\t<\/div>\n\t\t\t\t<\/div>\n\t\t\t\t<\/div>\n\t\t\t\t<\/div>\n\t\t<div class=\"elementor-element elementor-element-4dd6b36a e-con-full elementor-hidden-desktop elementor-hidden-tablet e-flex e-con e-parent\" data-id=\"4dd6b36a\" data-element_type=\"container\" data-e-type=\"container\">\n\t\t<div class=\"elementor-element elementor-element-2541827f e-flex e-con-boxed e-con e-child\" data-id=\"2541827f\" data-element_type=\"container\" data-e-type=\"container\" data-settings=\"{&quot;background_background&quot;:&quot;classic&quot;}\">\n\t\t\t\t\t<div class=\"e-con-inner\">\n\t\t\t\t<div class=\"elementor-element elementor-element-360341c elementor-arrows-position-inside elementor-widget elementor-widget-image-carousel\" data-id=\"360341c\" data-element_type=\"widget\" data-e-type=\"widget\" data-settings=\"{&quot;slides_to_show&quot;:&quot;1&quot;,&quot;slides_to_show_mobile&quot;:&quot;1&quot;,&quot;navigation&quot;:&quot;arrows&quot;,&quot;effect&quot;:&quot;fade&quot;,&quot;autoplay&quot;:&quot;yes&quot;,&quot;pause_on_hover&quot;:&quot;yes&quot;,&quot;pause_on_interaction&quot;:&quot;yes&quot;,&quot;autoplay_speed&quot;:5000,&quot;infinite&quot;:&quot;yes&quot;,&quot;speed&quot;:500}\" data-widget_type=\"image-carousel.default\">\n\t\t\t\t<div class=\"elementor-widget-container\">\n\t\t\t\t\t\t\t<div class=\"elementor-image-carousel-wrapper swiper\" role=\"region\" aria-roledescription=\"carousel\" aria-label=\"Image Carousel\" dir=\"ltr\">\n\t\t\t<div class=\"elementor-image-carousel swiper-wrapper swiper-image-stretch\" aria-live=\"off\">\n\t\t\t\t\t\t\t\t<div class=\"swiper-slide\" role=\"group\" aria-roledescription=\"slide\" aria-label=\"1 de 5\"><figure class=\"swiper-slide-inner\"><img decoding=\"async\" class=\"swiper-slide-image\" src=\"https:\/\/www.tblustar.com\/wp-content\/uploads\/2025\/01\/TBLUSTAR103506.webp\" alt=\"TBLUSTAR103506\" \/><\/figure><\/div><div class=\"swiper-slide\" role=\"group\" aria-roledescription=\"slide\" aria-label=\"2 de 5\"><figure class=\"swiper-slide-inner\"><img decoding=\"async\" class=\"swiper-slide-image\" src=\"https:\/\/www.tblustar.com\/wp-content\/uploads\/2025\/01\/TBLUSTAR103506-2.webp\" alt=\"TBLUSTAR103506-2\" \/><\/figure><\/div><div class=\"swiper-slide\" role=\"group\" aria-roledescription=\"slide\" aria-label=\"3 de 5\"><figure class=\"swiper-slide-inner\"><img decoding=\"async\" class=\"swiper-slide-image\" src=\"https:\/\/www.tblustar.com\/wp-content\/uploads\/2025\/01\/TBLUSTAR103506-4.webp\" alt=\"TBLUSTAR103506-4\" \/><\/figure><\/div><div class=\"swiper-slide\" role=\"group\" aria-roledescription=\"slide\" aria-label=\"4 de 5\"><figure class=\"swiper-slide-inner\"><img decoding=\"async\" class=\"swiper-slide-image\" src=\"https:\/\/www.tblustar.com\/wp-content\/uploads\/2025\/01\/TBLUSTAR103506-3.webp\" alt=\"TBLUSTAR103506-3\" \/><\/figure><\/div><div class=\"swiper-slide\" role=\"group\" aria-roledescription=\"slide\" aria-label=\"5 de 5\"><figure class=\"swiper-slide-inner\"><img decoding=\"async\" class=\"swiper-slide-image\" src=\"https:\/\/www.tblustar.com\/wp-content\/uploads\/2025\/01\/T-JACK-Trailer.webp\" alt=\"_T-JACK-Trailer\" \/><\/figure><\/div>\t\t\t<\/div>\n\t\t\t\t\t\t\t\t\t\t\t\t<div class=\"elementor-swiper-button elementor-swiper-button-prev\" role=\"button\" tabindex=\"0\">\n\t\t\t\t\t\t<svg aria-hidden=\"true\" class=\"e-font-icon-svg e-eicon-chevron-left\" viewBox=\"0 0 1000 1000\" xmlns=\"http:\/\/www.w3.org\/2000\/svg\"><path d=\"M646 125C629 125 613 133 604 142L308 442C296 454 292 471 292 487 292 504 296 521 308 533L604 854C617 867 629 875 646 875 663 875 679 871 692 858 704 846 713 829 713 812 713 796 708 779 692 767L438 487 692 225C700 217 708 204 708 187 708 171 704 154 692 142 675 129 663 125 646 125Z\"><\/path><\/svg>\t\t\t\t\t<\/div>\n\t\t\t\t\t<div class=\"elementor-swiper-button elementor-swiper-button-next\" role=\"button\" tabindex=\"0\">\n\t\t\t\t\t\t<svg aria-hidden=\"true\" class=\"e-font-icon-svg e-eicon-chevron-right\" viewBox=\"0 0 1000 1000\" xmlns=\"http:\/\/www.w3.org\/2000\/svg\"><path d=\"M696 533C708 521 713 504 713 487 713 471 708 454 696 446L400 146C388 133 375 125 354 125 338 125 325 129 313 142 300 154 292 171 292 187 292 204 296 221 308 233L563 492 304 771C292 783 288 800 288 817 288 833 296 850 308 863 321 871 338 875 354 875 371 875 388 867 400 854L696 533Z\"><\/path><\/svg>\t\t\t\t\t<\/div>\n\t\t\t\t\n\t\t\t\t\t\t\t\t\t<\/div>\n\t\t\t\t\t\t<\/div>\n\t\t\t\t<\/div>\n\t\t\t\t\t<\/div>\n\t\t\t\t<\/div>\n\t\t<div class=\"elementor-element elementor-element-674ab5ee e-flex e-con-boxed e-con e-child\" data-id=\"674ab5ee\" data-element_type=\"container\" data-e-type=\"container\">\n\t\t\t\t\t<div class=\"e-con-inner\">\n\t\t\t\t<div class=\"elementor-element elementor-element-20705e89 elementor-invisible elementor-widget elementor-widget-heading\" data-id=\"20705e89\" data-element_type=\"widget\" data-e-type=\"widget\" data-settings=\"{&quot;_animation&quot;:&quot;fadeInLeft&quot;}\" data-widget_type=\"heading.default\">\n\t\t\t\t<div class=\"elementor-widget-container\">\n\t\t\t\t\t<h1 class=\"elementor-heading-title elementor-size-default\">VEH\u00cdCULO FORD<\/h1>\t\t\t\t<\/div>\n\t\t\t\t<\/div>\n\t\t\t\t<div class=\"elementor-element elementor-element-6b9b1894 elementor-widget elementor-widget-heading\" data-id=\"6b9b1894\" data-element_type=\"widget\" data-e-type=\"widget\" data-widget_type=\"heading.default\">\n\t\t\t\t<div class=\"elementor-widget-container\">\n\t\t\t\t\t<h1 class=\"elementor-heading-title elementor-size-default\">FORD TRANSIT L3\n<\/h1>\t\t\t\t<\/div>\n\t\t\t\t<\/div>\n\t\t\t\t<div class=\"elementor-element elementor-element-736c421e elementor-widget elementor-widget-text-editor\" data-id=\"736c421e\" data-element_type=\"widget\" data-e-type=\"widget\" data-widget_type=\"text-editor.default\">\n\t\t\t\t<div class=\"elementor-widget-container\">\n\t\t\t\t\t\t\t\t\t<p><span style=\"font-weight: 500;\">La <\/span><b>FORD TRANSIT L3<\/b><span style=\"font-weight: 500;\">, disponible en versiones de 35 y 50 quintales, es el veh\u00edculo ideal para la gesti\u00f3n de ba\u00f1os qu\u00edmicos en obras y zonas de trabajo. Con una potencia que var\u00eda entre  <\/span><b>130 y 180 CV<\/b>,<span style=\"font-weight: 500;\"> puede equiparse con nuestras unidades <\/span><b>SST-304 Compact <\/b>(<span style=\"font-weight: 500;\">850 litros de aguas residuales y 400 litros de agua) o <\/span><b>SST-304 Standard <\/b><span style=\"font-weight: 500;\">(1200 litros de aguas residuales y 650 litros de agua).<\/span><\/p>\n<p><span style=\"font-weight: 500;\">Este veh\u00edculo tiene capacidad para transportar hasta <\/span><b>4 ba\u00f1os T-STAR<\/b> <span style=\"font-weight: 500;\">desmontados con lavamanos y<\/span> <b>remolcar un remolque T-JACK<\/b>,<span style=\"font-weight: 500;\"> incrementando la capacidad total a<\/span> <b>16 ba\u00f1os T-STAR.<\/b><span style=\"font-weight: 500;\">. Una opci\u00f3n destacada y de alto rendimiento para optimizar las operaciones en obras.<\/span><\/p>\n\t\t\t\t\t\t\t\t<\/div>\n\t\t\t\t<\/div>\n\t\t\t\t\t<\/div>\n\t\t\t\t<\/div>\n\t\t\t\t<\/div>\n\t\t\t\t<\/div>\n\t\t","protected":false},"excerpt":{"rendered":"<p>VEH\u00cdCULO FORD FORD TRANSIT L3 La FORD TRANSIT L3, disponible en versiones de 35 y 50 quintales, es el veh\u00edculo ideal para la gesti\u00f3n de ba\u00f1os qu\u00edmicos en obras y zonas de trabajo. Con una potencia que var\u00eda entre 130 y 180 CV, puede equiparse con nuestras unidades SST-304 Compact (850 litros de aguas residuales [&hellip;]<\/p>\n","protected":false},"author":1,"featured_media":0,"parent":0,"menu_order":0,"comment_status":"closed","ping_status":"closed","template":"","meta":{"footnotes":""},"class_list":["post-5053","page","type-page","status-publish","hentry"],"_links":{"self":[{"href":"https:\/\/www.tblustar.com\/es\/wp-json\/wp\/v2\/pages\/5053","targetHints":{"allow":["GET"]}}],"collection":[{"href":"https:\/\/www.tblustar.com\/es\/wp-json\/wp\/v2\/pages"}],"about":[{"href":"https:\/\/www.tblustar.com\/es\/wp-json\/wp\/v2\/types\/page"}],"author":[{"embeddable":true,"href":"https:\/\/www.tblustar.com\/es\/wp-json\/wp\/v2\/users\/1"}],"replies":[{"embeddable":true,"href":"https:\/\/www.tblustar.com\/es\/wp-json\/wp\/v2\/comments?post=5053"}],"version-history":[{"count":0,"href":"https:\/\/www.tblustar.com\/es\/wp-json\/wp\/v2\/pages\/5053\/revisions"}],"wp:attachment":[{"href":"https:\/\/www.tblustar.com\/es\/wp-json\/wp\/v2\/media?parent=5053"}],"curies":[{"name":"wp","href":"https:\/\/api.w.org\/{rel}","templated":true}]}}