{"id":5563,"date":"2025-02-07T09:24:55","date_gmt":"2025-02-07T09:24:55","guid":{"rendered":"https:\/\/www.tblustar.com\/privacy-policy\/"},"modified":"2025-02-10T09:38:46","modified_gmt":"2025-02-10T09:38:46","slug":"privacy-policy","status":"publish","type":"page","link":"https:\/\/www.tblustar.com\/es\/privacy-policy\/","title":{"rendered":"Privacy policy"},"content":{"rendered":"\t\t<div data-elementor-type=\"wp-page\" data-elementor-id=\"5563\" class=\"elementor elementor-5563 elementor-5538\" data-elementor-post-type=\"page\">\n\t\t\t\t<div class=\"elementor-element elementor-element-7d6b3f0 e-flex e-con-boxed e-con e-parent\" data-id=\"7d6b3f0\" data-element_type=\"container\" data-e-type=\"container\">\n\t\t\t\t\t<div class=\"e-con-inner\">\n\t\t\t\t<div class=\"elementor-element elementor-element-1088a89 elementor-widget elementor-widget-heading\" data-id=\"1088a89\" data-element_type=\"widget\" data-e-type=\"widget\" data-widget_type=\"heading.default\">\n\t\t\t\t<div class=\"elementor-widget-container\">\n\t\t\t\t\t<h2 class=\"elementor-heading-title elementor-size-default\">INFORMACI\u00d3N SEG\u00daN LOS ART\u00cdCULOS 13-14 DEL REG. UE N.\u00ba 2016\/679 SOBRE EL TRATAMIENTO DE DATOS PERSONALES \n<\/h2>\t\t\t\t<\/div>\n\t\t\t\t<\/div>\n\t\t\t\t<div class=\"elementor-element elementor-element-6c4ee19 elementor-widget elementor-widget-text-editor\" data-id=\"6c4ee19\" data-element_type=\"widget\" data-e-type=\"widget\" data-widget_type=\"text-editor.default\">\n\t\t\t\t<div class=\"elementor-widget-container\">\n\t\t\t\t\t\t\t\t\t<p>Estimado\/a usuario\/a,<br><strong>T BLUSTAR S.R.L.<\/strong> le informa que, conforme a los art\u00edculos 13 y 14 del Reglamento Europeo n.\u00ba 2016\/679 GDPR, los datos obtenidos y\/o proporcionados por usted ser\u00e1n tratados de acuerdo con las normativas mencionadas a continuaci\u00f3n. <\/p>\n<p><strong>ROLES<\/strong><br>El Responsable del Tratamiento es: <strong>T BLUSTAR S.R.L<\/strong>., Via Trentino Alto Adige, 6 Poggibonsi 53036 SI, <a href=\"mailto:accounting@tblustar.com\">accounting@tblustar.com<\/a><\/p>\n<p><strong>MODO DE TRATAMIENTO<\/strong><br>El tratamiento consiste, entre otras cosas, en actividades de recolecci\u00f3n, registro, organizaci\u00f3n, conservaci\u00f3n, extracci\u00f3n, consulta, uso, comunicaci\u00f3n y eliminaci\u00f3n de datos personales. Se lleva a cabo para los fines mencionados anteriormente, de acuerdo con los principios (art. 5 del GDPR n.\u00ba 2016\/679) de legalidad, correcci\u00f3n, transparencia, minimizaci\u00f3n de datos y exactitud. Los datos se tratan por medios telef\u00f3nicos, en papel, inform\u00e1ticos y telem\u00e1ticos. El tratamiento se realiza mediante herramientas adecuadas, medidas t\u00e9cnicas y organizativas apropiadas para garantizar la seguridad, integridad y confidencialidad, evitando en particular el riesgo de p\u00e9rdida, acceso no autorizado, uso ilegal, divulgaci\u00f3n, conforme a lo dispuesto en el art. 32 del GDPR n.\u00ba 2016\/679, por parte de los sujetos y conforme a las previsiones del art. 29 del GDPR n.\u00ba 2016\/679 y del art. 2-quaterdecies del C\u00f3digo de Privacidad.        <\/p>\n<p><strong>NATURALEZA DE LA FACULTATIVIDAD DE LA PROPORCI\u00d3N DE DATOS Y CONSECUENCIAS DE LA NEGATIVA A PROPORCIONARLOS<\/strong><br>La provisi\u00f3n de datos para fines obligatorios no requiere consentimiento expl\u00edcito. Sin estos datos, no podremos proporcionarle nuestros servicios. La provisi\u00f3n de datos para otros fines es voluntaria y requiere su consentimiento expl\u00edcito. Si no da su consentimiento, no recibir\u00e1 boletines, materiales informativos ni comunicaciones comerciales sobre los servicios ofrecidos por el Responsable o por empresas externas. Sin embargo, podr\u00e1 seguir accediendo a nuestros servicios.<br>Tratamos su informaci\u00f3n personal solo cuando existe una base jur\u00eddica para dicho tratamiento. Las bases jur\u00eddicas incluyen:     <br>Su consentimiento para las actividades de tratamiento correspondientes<br>El cumplimiento de las obligaciones legales que debemos satisfacer<br>La ejecuci\u00f3n de normas dictadas por leyes, reglamentos, contratos, acuerdos u otros instrumentos jur\u00eddicos<br>Estudios realizados por entidades de investigaci\u00f3n, preferiblemente sobre informaci\u00f3n personal anonimizada<br>La ejecuci\u00f3n de un contrato y sus respectivos compromisos precontractuales, si usted es parte del mismo<br>El ejercicio de nuestros derechos en juicio, procedimientos administrativos o arbitrajes<br>La defensa o protecci\u00f3n de su integridad f\u00edsica o la de un tercero<br>La protecci\u00f3n de la salud, en el contexto de procedimientos establecidos por entidades o profesionales del sector sanitario<br>Nuestro inter\u00e9s leg\u00edtimo, siempre que sus derechos y libertades fundamentales no prevalezcan sobre estos intereses<br>La protecci\u00f3n del cr\u00e9dito.<\/p>\n<p><strong>ACCESO A LOS DATOS<\/strong><br>Sus datos podr\u00e1n ser accesibles para los siguientes fines:<br>Empleados y colaboradores del Responsable, en su calidad de encargados del tratamiento y\/o administradores de sistemas;<br>Empresas externas u otros sujetos (por ejemplo, estudios profesionales, consultores, proveedores de software, bancos, aseguradoras, etc.) que realicen actividades subcontratadas en nombre del Responsable, en su calidad de encargados externos del tratamiento.<br>Entre los Datos Personales recogidos por este sitio web, de forma aut\u00f3noma o a trav\u00e9s de terceros, se encuentran: Herramientas de rastreo; Datos de uso; nombre; correo electr\u00f3nico; sitio web; identificadores \u00fanicos de dispositivos para publicidad (como Google Advertiser ID o IDFA); n\u00famero de usuarios; ciudad; informaci\u00f3n sobre el dispositivo; estad\u00edsticas de sesiones; informaci\u00f3n sobre el navegador; respuestas a preguntas; clics; eventos de pulsaciones de teclas; eventos relacionados con los sensores de movimiento; movimientos del rat\u00f3n; posici\u00f3n relativa al desplazamiento; eventos t\u00e1ctiles.<\/p>\n<p><strong>COMUNICACIO\u0301N DE DATOS<\/strong><br>El Responsable del Tratamiento podra\u0301 comunicar sus datos a la Administracio\u0301n Pu\u0301blica, Organismos de Control y\/o Autoridades Judiciales, asi\u0301 como a todos aquellos dema\u0301s sujetos a quienes la comunicacio\u0301n sea obligatoria o necesaria por ley. Su informacio\u0301n no sera\u0301 difundida. <\/p>\n<p><strong>RETENCIO\u0301N DE DATOS<\/strong><br>Todos los datos personales proporcionados sera\u0301n tratados respetando los principios de licitud, correccio\u0301n, pertinencia y proporcionalidad, exclusivamente con los medios necesarios, incluidos los informa\u0301ticos y telema\u0301ticos, para perseguir las finalidades descritas anteriormente. Los datos personales se conservara\u0301n durante un plazo de 6 an\u0303os desde el u\u0301ltimo contacto con el interesado o hasta que el interesado solicite la cancelacio\u0301n. En este caso, au\u0301n podra\u0301n conservarse los datos relacionados con el intere\u0301s legi\u0301timo del titular o necesarios para el cumplimiento de obligaciones legales. Cabe sen\u0303alar que los sistemas de informacio\u0301n utilizados para la gestio\u0301n de la informacio\u0301n recogida se configura, desde el primer momento, de forma que se minimice el uso de datos personales.   <\/p>\n<p><strong>DERECHOS DEL INTERESADO<\/strong><br>En su calidad de interesado, tiene los derechos a que se refiere el art. 15 ss y art. 77 del RGPD, y precisamente los derechos de: <\/p>\n<ul>\n<li>Obtener del responsable del tratamiento confirmacio\u0301n de si se esta\u0301n tratando o no datos personales que le conciernen y, en este caso, obtener acceso a los datos personales y a la siguiente informacio\u0301n: los fines del tratamiento; las categori\u0301as de datos personales en cuestio\u0301n; los destinatarios o categori\u0301as de destinatarios a quienes se han comunicado o se comunicara\u0301n los datos personales, en particular si los destinatarios son de terceros pai\u0301ses u organizaciones internacionales; cuando sea posible, el peri\u0301odo previsto de conservacio\u0301n de los datos personales o, si esto no es posible, lo s criterios utilizados para determinar este peri\u0301odo; si los datos no se recogen del interesado, toda la informacio\u0301n disponible sobre su origen; la existencia de un proceso automatizado de toma de decisiones, incluida la elaboracio\u0301n de perfiles, y, al menos en tales casos, informacio\u0301n significativa sobre la lo\u0301gic a utilizada, asi\u0301 como la importancia y las consecuencias esperadas de dicho tratamiento para el interesado.&nbsp;<\/li>\n<li>Obtener del responsable del tratamiento la rectificacio\u0301n de los datos personales inexactos que le conciernen sin dilacio\u0301n injustificada. Teniendo en cuenta las finalidades del tratamiento, el interesado tiene derecho a obtener la integracio\u0301n de los datos personales incompletos, incluso mediante la presentacio\u0301n de una declaracio\u0301n complementaria. <\/li>\n<li>Obtener del responsable del tratamiento informacio\u0301n relativa a los datos personales que le conciernen sin demora injustificada, si existe uno de los siguientes motivos: los datos personales ya no son necesarios en relacio\u0301n con los fines para los que fueron recopilados o tratados de otro modo; el interesado retira el consentimiento en el que se basa el tratamiento de conformidad con el arti\u0301culo 6, apartado 1, letra a), o el arti\u0301culo 9, apartado 2, letra a), y si no existe otr a base juri\u0301dica para el tratamiento; el interesado se opone al procesamiento de conformidad con el arti\u0301culo 21, pa\u0301rrafo 1, y no existe ninguna razo\u0301n legi\u0301tima imperiosa para proceder con el procesamiento, o se opone al procesamiento de conformidad con el arti\u0301culo 21, pa\u0301rrafo 2; los datos personales han sido tratados ili\u0301citamente; los datos personales deben eliminarse para cumplir con una obligacio\u0301n legal en virtud del derecho de la Unio\u0301n o de los Estados miembros a la que esta\u0301 sujeto el responsable del tratamiento.<\/li>\n<li>Obtener del responsable del tratamiento la limitacio\u0301n del tratamiento cuando se de\u0301 alguna de las siguientes hipo\u0301tesis: el interesado impugne la exactitud de los datos personales, durante el plazo necesario para que el responsable del tratamiento verifique la exactitud de dichos datos personales; el tratamiento sea ili\u0301cito y el interesado se oponga a la supresio\u0301n de los datos personales y solicite en su lugar que se limite su uso; aunque el responsable del tratamiento ya no los necesite para los fines del tratamiento, los datos personales son necesarios para que el interesado pueda conocer, ejercer o defender un derecho ante los tribunales; el interesado se haya opuesto al tratamiento con arreglo al arti\u0301culo 21, apartado 1, en espera de comprobar la posible prevalencia de los motivos legi\u0301timos del responsable del tratamiento respecto de los del interesado.<\/li>\n<li>Recibir los datos personales que le conciernen proporcionados a un responsable del tratamiento en un formato estructurado, de uso comu\u0301n y legible por ma\u0301quina y transmitirlos a otro responsable del tratamiento sin impedimentos por parte del responsable del tratamiento a quien se los haya proporcionado, si el tratamiento se lleva a cabo. realizar por medios digitales. En el ejercicio de sus derechos en materia de portabilidad de los datos, el interesado tiene derecho a obtener la transmisio\u0301n directa de sus datos personales de un responsable del tratamiento a otro, si es te\u0301cnicamente viable. <\/li>\n<li>Oponerse en cualquier momento, por motivos relacionados con su situaci\u00f3n particular, al tratamiento de los datos personales que le conciernen de acuerdo con el art\u00edculo 6, apartado 1, letras e) o f), incluida la elaboraci\u00f3n de perfiles basada en dichas disposiciones. Cuando los datos personales sean tratados con fines de marketing directo, el interesado tendr\u00e1 derecho a oponerse en cualquier momento al tratamiento de los datos personales que le conciernen realizado con dichos fines, incluida la elaboraci\u00f3n de perfiles en la medida en que est\u00e9 relacionada con dicho marketing.   <\/li><li>Derecho a no ser sometido a una decisi\u00f3n basada \u00fanicamente en el tratamiento automatizado, incluida la elaboraci\u00f3n de perfiles, que produzca efectos jur\u00eddicos que le afecten o que incida de manera similar de forma significativa en su persona.<\/li>\n<li>Derecho a presentar una reclamacio\u0301n ante una autoridad de control de conformidad con el art. 77. <\/li>\n<\/ul><div><br><\/div>\n<p><strong>MODALIDAD DE EJERCICIO DE DERECHOS<\/strong><br>Podra\u0301 ejercitar sus derechos en cualquier momento contactando con el Titular en la siguiente direccio\u0301n de correo electro\u0301nico: accounting@tblustar.com<\/p>\n<p><strong>DIRECTORES EXTERNOS Y DESIGNADOS<\/strong><br>La lista actualizada de responsables externos y encargados del tratamiento se conserva en el domicilio social del Responsable del tratamiento.<\/p>\n<p><strong>MODIFICACIO\u0301N DE LA INFORMACIO\u0301N ACTUAL<\/strong><br>Esta informacio\u0301n fue elaborada el 07-02-2025 y puede sufrir cambios a lo largo del tiempo dependiendo tambie\u0301n de incorporaciones o cambios legislativos y reglamentarios en la materia. Se invita al interesado a consultar esta pa\u0301gina con frecuencia. <\/p>\n<p><a href=\"https:\/\/www.garanteprivacy.it\/web\/guest\/home\/docweb\/-\/docweb-display\/docweb\/9732629\" target=\"_blank\" rel=\"noopener\">Iconos<\/a> de <a href=\"https:\/\/www.athlantic.it\" target=\"_blank\" rel=\"noopener\">Athlantic S.r.l. <\/a>licenciados bajo<a href=\"https:\/\/creativecommons.org\/licenses\/by\/4.0\/\" target=\"_blank\" rel=\"noopener\"> CC BY 4.0<\/a>. Uso libre sin eliminar esta menci\u00f3n.<\/p>\t\t\t\t\t\t\t\t<\/div>\n\t\t\t\t<\/div>\n\t\t\t\t\t<\/div>\n\t\t\t\t<\/div>\n\t\t\t\t<\/div>\n\t\t","protected":false},"excerpt":{"rendered":"<p>INFORMACI\u00d3N SEG\u00daN LOS ART\u00cdCULOS 13-14 DEL REG. UE N.\u00ba 2016\/679 SOBRE EL TRATAMIENTO DE DATOS PERSONALES Estimado\/a usuario\/a,T BLUSTAR S.R.L. le informa que, conforme a los art\u00edculos 13 y 14 del Reglamento Europeo n.\u00ba 2016\/679 GDPR, los datos obtenidos y\/o proporcionados por usted ser\u00e1n tratados de acuerdo con las normativas mencionadas a continuaci\u00f3n. ROLESEl Responsable [&hellip;]<\/p>\n","protected":false},"author":1,"featured_media":0,"parent":0,"menu_order":0,"comment_status":"closed","ping_status":"closed","template":"","meta":{"footnotes":""},"class_list":["post-5563","page","type-page","status-publish","hentry"],"_links":{"self":[{"href":"https:\/\/www.tblustar.com\/es\/wp-json\/wp\/v2\/pages\/5563","targetHints":{"allow":["GET"]}}],"collection":[{"href":"https:\/\/www.tblustar.com\/es\/wp-json\/wp\/v2\/pages"}],"about":[{"href":"https:\/\/www.tblustar.com\/es\/wp-json\/wp\/v2\/types\/page"}],"author":[{"embeddable":true,"href":"https:\/\/www.tblustar.com\/es\/wp-json\/wp\/v2\/users\/1"}],"replies":[{"embeddable":true,"href":"https:\/\/www.tblustar.com\/es\/wp-json\/wp\/v2\/comments?post=5563"}],"version-history":[{"count":0,"href":"https:\/\/www.tblustar.com\/es\/wp-json\/wp\/v2\/pages\/5563\/revisions"}],"wp:attachment":[{"href":"https:\/\/www.tblustar.com\/es\/wp-json\/wp\/v2\/media?parent=5563"}],"curies":[{"name":"wp","href":"https:\/\/api.w.org\/{rel}","templated":true}]}}